{"id":84984,"date":"2021-01-22T20:49:48","date_gmt":"2021-01-22T20:49:48","guid":{"rendered":"https:\/\/ifoffice.pt\/produto\/import-placeholder-for-72995\/"},"modified":"2026-02-23T13:17:02","modified_gmt":"2026-02-23T13:17:02","slug":"velcro-autoadesivo-redondo-24-fechos","status":"publish","type":"product","link":"https:\/\/ifoffice.pt\/?product=velcro-autoadesivo-redondo-24-fechos","title":{"rendered":"Velcro autoadesivo redondo 24 fechos"},"content":{"rendered":"<p>24 pe\u00e7as de Velcro ovalizadas e autoadesivas. Ultrafinas. Colam sobre m\u00faltiplos materiais como Goma Eva, cart\u00e3o, madeira, t\u00eaxtil, plastificados. S\u00e3o ideais para trabalhos manuais. 24 pe\u00e7as em cada saqueta. Medidas do velcro: 35 mm de larg. x 12 mm de altura. O blister.<\/p>\n","protected":false},"excerpt":{"rendered":"<p>Velcro autoadesivo redondo 24 fechos<\/p>\n","protected":false},"featured_media":120136,"comment_status":"closed","ping_status":"closed","template":"","meta":{"neve_meta_sidebar":"","neve_meta_container":"","neve_meta_enable_content_width":"","neve_meta_content_width":0,"neve_meta_title_alignment":"","neve_meta_author_avatar":"","neve_post_elements_order":"","neve_meta_disable_header":"","neve_meta_disable_footer":"","neve_meta_disable_title":""},"product_brand":[],"product_cat":[1759],"product_tag":[811],"class_list":{"0":"post-84984","1":"product","2":"type-product","3":"status-publish","4":"has-post-thumbnail","6":"product_cat-outros-adesivos","7":"product_tag-massa-adesiva","9":"first","10":"instock","11":"taxable","12":"shipping-taxable","13":"purchasable","14":"product-type-simple"},"_links":{"self":[{"href":"https:\/\/ifoffice.pt\/index.php?rest_route=\/wp\/v2\/product\/84984","targetHints":{"allow":["GET"]}}],"collection":[{"href":"https:\/\/ifoffice.pt\/index.php?rest_route=\/wp\/v2\/product"}],"about":[{"href":"https:\/\/ifoffice.pt\/index.php?rest_route=\/wp\/v2\/types\/product"}],"replies":[{"embeddable":true,"href":"https:\/\/ifoffice.pt\/index.php?rest_route=%2Fwp%2Fv2%2Fcomments&post=84984"}],"wp:featuredmedia":[{"embeddable":true,"href":"https:\/\/ifoffice.pt\/index.php?rest_route=\/wp\/v2\/media\/120136"}],"wp:attachment":[{"href":"https:\/\/ifoffice.pt\/index.php?rest_route=%2Fwp%2Fv2%2Fmedia&parent=84984"}],"wp:term":[{"taxonomy":"product_brand","embeddable":true,"href":"https:\/\/ifoffice.pt\/index.php?rest_route=%2Fwp%2Fv2%2Fproduct_brand&post=84984"},{"taxonomy":"product_cat","embeddable":true,"href":"https:\/\/ifoffice.pt\/index.php?rest_route=%2Fwp%2Fv2%2Fproduct_cat&post=84984"},{"taxonomy":"product_tag","embeddable":true,"href":"https:\/\/ifoffice.pt\/index.php?rest_route=%2Fwp%2Fv2%2Fproduct_tag&post=84984"}],"curies":[{"name":"wp","href":"https:\/\/api.w.org\/{rel}","templated":true}]}}