{"id":84942,"date":"2021-01-22T20:49:30","date_gmt":"2021-01-22T20:49:30","guid":{"rendered":"https:\/\/ifoffice.pt\/produto\/import-placeholder-for-73024\/"},"modified":"2026-02-23T13:17:00","modified_gmt":"2026-02-23T13:17:00","slug":"mesa-de-escritorio-rocada-executive-2003ad02-aluminio-cinza-180x80-cm","status":"publish","type":"product","link":"https:\/\/ifoffice.pt\/?product=mesa-de-escritorio-rocada-executive-2003ad02-aluminio-cinza-180x80-cm","title":{"rendered":"Mesa de escritorio rocada executive 2003ad02 aluminio \/cinza 180&#215;80 cm"},"content":{"rendered":"<p>SUPERF\u00cdCIE DA MESA: melam\u00ednico sobre aglomerado de 25 mm de espessura com cantos de PVC de 2 mm. Acabamentos em faia, cinza e wengu\u00e9. Superf\u00edcies de cantos retos. ESTRUTURA: com sistema de regula\u00e7\u00e3o independente (50 mm) fabricada em tubo de a\u00e7o de 60 x 60 x 1,5 mm. Sistema de ancoragem em fundi\u00e7\u00e3o de alum\u00ednio. Travessas tubulares de a\u00e7o com novas medidas reduzidas de 40 x 30 mm para uma m\u00e1xima comodidade.<\/p>\n","protected":false},"excerpt":{"rendered":"<p>Mesa de escritorio rocada executive 2003ad02 aluminio \/cinza 180&#215;80 cm<\/p>\n","protected":false},"featured_media":120124,"comment_status":"closed","ping_status":"closed","template":"","meta":{"neve_meta_sidebar":"","neve_meta_container":"","neve_meta_enable_content_width":"off","neve_meta_content_width":0,"neve_meta_title_alignment":"","neve_meta_author_avatar":"","neve_post_elements_order":"","neve_meta_disable_header":"","neve_meta_disable_footer":"","neve_meta_disable_title":""},"product_brand":[],"product_cat":[1927],"product_tag":[851],"class_list":{"0":"post-84942","1":"product","2":"type-product","3":"status-publish","4":"has-post-thumbnail","6":"product_cat-mesas","7":"product_tag-mesa","9":"first","10":"outofstock","11":"taxable","12":"shipping-taxable","13":"purchasable","14":"product-type-simple"},"_links":{"self":[{"href":"https:\/\/ifoffice.pt\/index.php?rest_route=\/wp\/v2\/product\/84942","targetHints":{"allow":["GET"]}}],"collection":[{"href":"https:\/\/ifoffice.pt\/index.php?rest_route=\/wp\/v2\/product"}],"about":[{"href":"https:\/\/ifoffice.pt\/index.php?rest_route=\/wp\/v2\/types\/product"}],"replies":[{"embeddable":true,"href":"https:\/\/ifoffice.pt\/index.php?rest_route=%2Fwp%2Fv2%2Fcomments&post=84942"}],"wp:featuredmedia":[{"embeddable":true,"href":"https:\/\/ifoffice.pt\/index.php?rest_route=\/wp\/v2\/media\/120124"}],"wp:attachment":[{"href":"https:\/\/ifoffice.pt\/index.php?rest_route=%2Fwp%2Fv2%2Fmedia&parent=84942"}],"wp:term":[{"taxonomy":"product_brand","embeddable":true,"href":"https:\/\/ifoffice.pt\/index.php?rest_route=%2Fwp%2Fv2%2Fproduct_brand&post=84942"},{"taxonomy":"product_cat","embeddable":true,"href":"https:\/\/ifoffice.pt\/index.php?rest_route=%2Fwp%2Fv2%2Fproduct_cat&post=84942"},{"taxonomy":"product_tag","embeddable":true,"href":"https:\/\/ifoffice.pt\/index.php?rest_route=%2Fwp%2Fv2%2Fproduct_tag&post=84942"}],"curies":[{"name":"wp","href":"https:\/\/api.w.org\/{rel}","templated":true}]}}