{"id":84859,"date":"2021-01-22T20:49:05","date_gmt":"2021-01-22T20:49:05","guid":{"rendered":"https:\/\/ifoffice.pt\/produto\/import-placeholder-for-73101\/"},"modified":"2026-02-23T13:16:49","modified_gmt":"2026-02-23T13:16:49","slug":"tesoura-escolar-liderpapel-unidade","status":"publish","type":"product","link":"https:\/\/ifoffice.pt\/?product=tesoura-escolar-liderpapel-unidade","title":{"rendered":"Tesoura escolar liderpapel unidade"},"content":{"rendered":"<p>Com pontas redondas anticorte e l\u00e2mina de a\u00e7o inoxid\u00e1vel. Cabo pl\u00e1stico agrad\u00e1vel ao tato. Apta para uso dom\u00e9stico, de escrit\u00f3rio e escolar. Corta papel, cart\u00e3o, fotografias, etc. Comprimento: 14 cm. A tesoura.<\/p>\n","protected":false},"excerpt":{"rendered":"<p>Tesoura escolar liderpapel unidade<\/p>\n","protected":false},"featured_media":120074,"comment_status":"closed","ping_status":"closed","template":"","meta":{"neve_meta_sidebar":"","neve_meta_container":"","neve_meta_enable_content_width":"off","neve_meta_content_width":100,"neve_meta_title_alignment":"","neve_meta_author_avatar":"","neve_post_elements_order":"","neve_meta_disable_header":"","neve_meta_disable_footer":"","neve_meta_disable_title":""},"product_brand":[],"product_cat":[1777],"product_tag":[843],"class_list":{"0":"post-84859","1":"product","2":"type-product","3":"status-publish","4":"has-post-thumbnail","6":"product_cat-tesouras","7":"product_tag-escolar","9":"first","10":"instock","11":"taxable","12":"shipping-taxable","13":"purchasable","14":"product-type-simple"},"_links":{"self":[{"href":"https:\/\/ifoffice.pt\/index.php?rest_route=\/wp\/v2\/product\/84859","targetHints":{"allow":["GET"]}}],"collection":[{"href":"https:\/\/ifoffice.pt\/index.php?rest_route=\/wp\/v2\/product"}],"about":[{"href":"https:\/\/ifoffice.pt\/index.php?rest_route=\/wp\/v2\/types\/product"}],"replies":[{"embeddable":true,"href":"https:\/\/ifoffice.pt\/index.php?rest_route=%2Fwp%2Fv2%2Fcomments&post=84859"}],"wp:featuredmedia":[{"embeddable":true,"href":"https:\/\/ifoffice.pt\/index.php?rest_route=\/wp\/v2\/media\/120074"}],"wp:attachment":[{"href":"https:\/\/ifoffice.pt\/index.php?rest_route=%2Fwp%2Fv2%2Fmedia&parent=84859"}],"wp:term":[{"taxonomy":"product_brand","embeddable":true,"href":"https:\/\/ifoffice.pt\/index.php?rest_route=%2Fwp%2Fv2%2Fproduct_brand&post=84859"},{"taxonomy":"product_cat","embeddable":true,"href":"https:\/\/ifoffice.pt\/index.php?rest_route=%2Fwp%2Fv2%2Fproduct_cat&post=84859"},{"taxonomy":"product_tag","embeddable":true,"href":"https:\/\/ifoffice.pt\/index.php?rest_route=%2Fwp%2Fv2%2Fproduct_tag&post=84859"}],"curies":[{"name":"wp","href":"https:\/\/api.w.org\/{rel}","templated":true}]}}