{"id":84805,"date":"2021-01-22T20:48:43","date_gmt":"2021-01-22T20:48:43","guid":{"rendered":"https:\/\/ifoffice.pt\/produto\/import-placeholder-for-73141\/"},"modified":"2026-02-23T13:16:45","modified_gmt":"2026-02-23T13:16:45","slug":"pasta-de-projetos-liderpapel-cromolux-din-a4-medidas-310x230x150-mm","status":"publish","type":"product","link":"https:\/\/ifoffice.pt\/?product=pasta-de-projetos-liderpapel-cromolux-din-a4-medidas-310x230x150-mm","title":{"rendered":"Pasta de projetos liderpapel cromolux din a4 medidas 310x230x150 mm"},"content":{"rendered":"<p>Capa para arquivo de projetos e\/ou processos em cartolina cromolux de alto brilho com 700grs. Fecho de molas de press\u00e3o met\u00e1licas. Dispon\u00edvel em formato A4 e v\u00e1rias lombadas<\/p>\n","protected":false},"excerpt":{"rendered":"<p>Pasta de projetos liderpapel cromolux din a4 medidas 310x230x150 mm<\/p>\n","protected":false},"featured_media":120054,"comment_status":"closed","ping_status":"closed","template":"","meta":{"neve_meta_sidebar":"","neve_meta_container":"","neve_meta_enable_content_width":"off","neve_meta_content_width":0,"neve_meta_title_alignment":"","neve_meta_author_avatar":"","neve_post_elements_order":"","neve_meta_disable_header":"","neve_meta_disable_footer":"","neve_meta_disable_title":""},"product_brand":[],"product_cat":[1895],"product_tag":[785],"class_list":{"0":"post-84805","1":"product","2":"type-product","3":"status-publish","4":"has-post-thumbnail","6":"product_cat-capas-de-projectos","7":"product_tag-din-a4-210-x-297-mm","9":"first","10":"instock","11":"taxable","12":"shipping-taxable","13":"purchasable","14":"product-type-simple"},"_links":{"self":[{"href":"https:\/\/ifoffice.pt\/index.php?rest_route=\/wp\/v2\/product\/84805","targetHints":{"allow":["GET"]}}],"collection":[{"href":"https:\/\/ifoffice.pt\/index.php?rest_route=\/wp\/v2\/product"}],"about":[{"href":"https:\/\/ifoffice.pt\/index.php?rest_route=\/wp\/v2\/types\/product"}],"replies":[{"embeddable":true,"href":"https:\/\/ifoffice.pt\/index.php?rest_route=%2Fwp%2Fv2%2Fcomments&post=84805"}],"wp:featuredmedia":[{"embeddable":true,"href":"https:\/\/ifoffice.pt\/index.php?rest_route=\/wp\/v2\/media\/120054"}],"wp:attachment":[{"href":"https:\/\/ifoffice.pt\/index.php?rest_route=%2Fwp%2Fv2%2Fmedia&parent=84805"}],"wp:term":[{"taxonomy":"product_brand","embeddable":true,"href":"https:\/\/ifoffice.pt\/index.php?rest_route=%2Fwp%2Fv2%2Fproduct_brand&post=84805"},{"taxonomy":"product_cat","embeddable":true,"href":"https:\/\/ifoffice.pt\/index.php?rest_route=%2Fwp%2Fv2%2Fproduct_cat&post=84805"},{"taxonomy":"product_tag","embeddable":true,"href":"https:\/\/ifoffice.pt\/index.php?rest_route=%2Fwp%2Fv2%2Fproduct_tag&post=84805"}],"curies":[{"name":"wp","href":"https:\/\/api.w.org\/{rel}","templated":true}]}}