{"id":84738,"date":"2021-01-22T20:48:18","date_gmt":"2021-01-22T20:48:18","guid":{"rendered":"https:\/\/ifoffice.pt\/produto\/import-placeholder-for-73568\/"},"modified":"2026-02-23T13:16:40","modified_gmt":"2026-02-23T13:16:40","slug":"super-cola-loctite-de-5-gr","status":"publish","type":"product","link":"https:\/\/ifoffice.pt\/?product=super-cola-loctite-de-5-gr","title":{"rendered":"Super cola loctite de 5 gr"},"content":{"rendered":"<p>Cola transparente instant\u00e2nea, para colar com a m\u00e1xima for\u00e7a todo o tipo de materiais. Cola porcelana, couro, pl\u00e1stico, madeira, borracha, metal. \u00c9 limpa e r\u00e1pida. Sistema antisecagem. Tampa comprida para chegar aos cantos mais dif\u00edceis. Blister de 5g.<\/p>\n","protected":false},"excerpt":{"rendered":"<p>Super cola loctite de 5 gr<\/p>\n","protected":false},"featured_media":120027,"comment_status":"closed","ping_status":"closed","template":"","meta":{"neve_meta_sidebar":"","neve_meta_container":"","neve_meta_enable_content_width":"off","neve_meta_content_width":100,"neve_meta_title_alignment":"","neve_meta_author_avatar":"","neve_post_elements_order":"","neve_meta_disable_header":"","neve_meta_disable_footer":"","neve_meta_disable_title":""},"product_brand":[],"product_cat":[1758],"product_tag":[806],"class_list":{"0":"post-84738","1":"product","2":"type-product","3":"status-publish","4":"has-post-thumbnail","6":"product_cat-cola-em-tubo","7":"product_tag-loctite","9":"first","10":"instock","11":"taxable","12":"shipping-taxable","13":"purchasable","14":"product-type-simple"},"_links":{"self":[{"href":"https:\/\/ifoffice.pt\/index.php?rest_route=\/wp\/v2\/product\/84738","targetHints":{"allow":["GET"]}}],"collection":[{"href":"https:\/\/ifoffice.pt\/index.php?rest_route=\/wp\/v2\/product"}],"about":[{"href":"https:\/\/ifoffice.pt\/index.php?rest_route=\/wp\/v2\/types\/product"}],"replies":[{"embeddable":true,"href":"https:\/\/ifoffice.pt\/index.php?rest_route=%2Fwp%2Fv2%2Fcomments&post=84738"}],"wp:featuredmedia":[{"embeddable":true,"href":"https:\/\/ifoffice.pt\/index.php?rest_route=\/wp\/v2\/media\/120027"}],"wp:attachment":[{"href":"https:\/\/ifoffice.pt\/index.php?rest_route=%2Fwp%2Fv2%2Fmedia&parent=84738"}],"wp:term":[{"taxonomy":"product_brand","embeddable":true,"href":"https:\/\/ifoffice.pt\/index.php?rest_route=%2Fwp%2Fv2%2Fproduct_brand&post=84738"},{"taxonomy":"product_cat","embeddable":true,"href":"https:\/\/ifoffice.pt\/index.php?rest_route=%2Fwp%2Fv2%2Fproduct_cat&post=84738"},{"taxonomy":"product_tag","embeddable":true,"href":"https:\/\/ifoffice.pt\/index.php?rest_route=%2Fwp%2Fv2%2Fproduct_tag&post=84738"}],"curies":[{"name":"wp","href":"https:\/\/api.w.org\/{rel}","templated":true}]}}