{"id":84736,"date":"2021-01-22T20:48:17","date_gmt":"2021-01-22T20:48:17","guid":{"rendered":"https:\/\/ifoffice.pt\/produto\/import-placeholder-for-73570\/"},"modified":"2026-02-23T14:50:43","modified_gmt":"2026-02-23T14:50:43","slug":"cola-loctite-20-gr-uso-profissional","status":"publish","type":"product","link":"https:\/\/ifoffice.pt\/?product=cola-loctite-20-gr-uso-profissional","title":{"rendered":"Cola loctite 20 gr uso profissional"},"content":{"rendered":"<p>Cola transparente instant\u00e2nea de uso intensivo, para colar com a m\u00e1xima for\u00e7a porcelana, metal, couro, corti\u00e7a, madeira, pl\u00e1stico e cart\u00e3o. Com nova f\u00f3rmula resistente \u00e0 \u00e1gua para um maior n\u00famero de aplica\u00e7\u00f5es. Cola superf\u00edcies de dif\u00edcil alcance. Extra forte. Blister de 20g.<\/p>\n","protected":false},"excerpt":{"rendered":"<p>PACK DE 12 UNIDADES<\/p>\n","protected":false},"featured_media":120025,"comment_status":"closed","ping_status":"closed","template":"","meta":{"neve_meta_sidebar":"","neve_meta_container":"","neve_meta_enable_content_width":"off","neve_meta_content_width":0,"neve_meta_title_alignment":"","neve_meta_author_avatar":"","neve_post_elements_order":"","neve_meta_disable_header":"","neve_meta_disable_footer":"","neve_meta_disable_title":""},"product_brand":[],"product_cat":[1758],"product_tag":[1281],"class_list":{"0":"post-84736","1":"product","2":"type-product","3":"status-publish","4":"has-post-thumbnail","6":"product_cat-cola-em-tubo","7":"product_tag-bricolaje","9":"first","10":"instock","11":"taxable","12":"shipping-taxable","13":"purchasable","14":"product-type-simple"},"_links":{"self":[{"href":"https:\/\/ifoffice.pt\/index.php?rest_route=\/wp\/v2\/product\/84736","targetHints":{"allow":["GET"]}}],"collection":[{"href":"https:\/\/ifoffice.pt\/index.php?rest_route=\/wp\/v2\/product"}],"about":[{"href":"https:\/\/ifoffice.pt\/index.php?rest_route=\/wp\/v2\/types\/product"}],"replies":[{"embeddable":true,"href":"https:\/\/ifoffice.pt\/index.php?rest_route=%2Fwp%2Fv2%2Fcomments&post=84736"}],"wp:featuredmedia":[{"embeddable":true,"href":"https:\/\/ifoffice.pt\/index.php?rest_route=\/wp\/v2\/media\/120025"}],"wp:attachment":[{"href":"https:\/\/ifoffice.pt\/index.php?rest_route=%2Fwp%2Fv2%2Fmedia&parent=84736"}],"wp:term":[{"taxonomy":"product_brand","embeddable":true,"href":"https:\/\/ifoffice.pt\/index.php?rest_route=%2Fwp%2Fv2%2Fproduct_brand&post=84736"},{"taxonomy":"product_cat","embeddable":true,"href":"https:\/\/ifoffice.pt\/index.php?rest_route=%2Fwp%2Fv2%2Fproduct_cat&post=84736"},{"taxonomy":"product_tag","embeddable":true,"href":"https:\/\/ifoffice.pt\/index.php?rest_route=%2Fwp%2Fv2%2Fproduct_tag&post=84736"}],"curies":[{"name":"wp","href":"https:\/\/api.w.org\/{rel}","templated":true}]}}