{"id":84497,"date":"2021-01-22T20:44:55","date_gmt":"2021-01-22T20:44:55","guid":{"rendered":"https:\/\/ifoffice.pt\/produto\/import-placeholder-for-73960\/"},"modified":"2026-02-23T13:16:27","modified_gmt":"2026-02-23T13:16:27","slug":"papel-reprografia-ppc-para-plotter-420mmx170mt-80gr","status":"publish","type":"product","link":"https:\/\/ifoffice.pt\/?product=papel-reprografia-ppc-para-plotter-420mmx170mt-80gr","title":{"rendered":"Papel reprografia ppc para plotter 420mmx170mt 80gr"},"content":{"rendered":"<p>Bobines para planos de qualidade extra, homologados para m\u00e1quinas Xerox. Oc\u00e9, Mita, XES, Ricoh, Meteor, Neolt, Diazit, Kip, Regma e Utax. Papel 100% sem estuque de celulose. Alta brancura. Folha absolutamente plana. Alta resolu\u00e7\u00e3o. Pr\u00f3prio para a reprodu\u00e7\u00e3o de linhas de cor. Resolu\u00e7\u00e3o: 2.880 dpi.  A bobine.<\/p>\n","protected":false},"excerpt":{"rendered":"<p>Papel reprografia ppc para plotter 420mmx170mt 80gr<\/p>\n","protected":false},"featured_media":119943,"comment_status":"closed","ping_status":"closed","template":"","meta":{"neve_meta_sidebar":"","neve_meta_container":"","neve_meta_enable_content_width":"","neve_meta_content_width":0,"neve_meta_title_alignment":"","neve_meta_author_avatar":"","neve_post_elements_order":"","neve_meta_disable_header":"","neve_meta_disable_footer":"","neve_meta_disable_title":""},"product_brand":[],"product_cat":[2877],"product_tag":[2197],"class_list":{"0":"post-84497","1":"product","2":"type-product","3":"status-publish","4":"has-post-thumbnail","6":"product_cat-papel-reprografico-p-plotter","7":"product_tag-reprografia","9":"first","10":"instock","11":"taxable","12":"shipping-taxable","13":"purchasable","14":"product-type-simple"},"_links":{"self":[{"href":"https:\/\/ifoffice.pt\/index.php?rest_route=\/wp\/v2\/product\/84497","targetHints":{"allow":["GET"]}}],"collection":[{"href":"https:\/\/ifoffice.pt\/index.php?rest_route=\/wp\/v2\/product"}],"about":[{"href":"https:\/\/ifoffice.pt\/index.php?rest_route=\/wp\/v2\/types\/product"}],"replies":[{"embeddable":true,"href":"https:\/\/ifoffice.pt\/index.php?rest_route=%2Fwp%2Fv2%2Fcomments&post=84497"}],"wp:featuredmedia":[{"embeddable":true,"href":"https:\/\/ifoffice.pt\/index.php?rest_route=\/wp\/v2\/media\/119943"}],"wp:attachment":[{"href":"https:\/\/ifoffice.pt\/index.php?rest_route=%2Fwp%2Fv2%2Fmedia&parent=84497"}],"wp:term":[{"taxonomy":"product_brand","embeddable":true,"href":"https:\/\/ifoffice.pt\/index.php?rest_route=%2Fwp%2Fv2%2Fproduct_brand&post=84497"},{"taxonomy":"product_cat","embeddable":true,"href":"https:\/\/ifoffice.pt\/index.php?rest_route=%2Fwp%2Fv2%2Fproduct_cat&post=84497"},{"taxonomy":"product_tag","embeddable":true,"href":"https:\/\/ifoffice.pt\/index.php?rest_route=%2Fwp%2Fv2%2Fproduct_tag&post=84497"}],"curies":[{"name":"wp","href":"https:\/\/api.w.org\/{rel}","templated":true}]}}