{"id":84495,"date":"2021-01-22T20:44:54","date_gmt":"2021-01-22T20:44:54","guid":{"rendered":"https:\/\/ifoffice.pt\/produto\/import-placeholder-for-73962\/"},"modified":"2025-09-24T09:19:10","modified_gmt":"2025-09-24T09:19:10","slug":"agrafador-q-connect-kf15933-plastico-capacidade-10-folhas","status":"publish","type":"product","link":"https:\/\/ifoffice.pt\/?product=agrafador-q-connect-kf15933-plastico-capacidade-10-folhas","title":{"rendered":"Agrafador q-connect kf15933 plastico capacidade 10 folhas"},"content":{"rendered":"<p>O agrafador Q-CONNECT KF15933 \u00e9 uma ferramenta indispens\u00e1vel para qualquer escrit\u00f3rio, escola ou casa que necessite de organizar documentos de forma r\u00e1pida e eficiente. O seu design compacto e leve permite um manuseamento simples e confort\u00e1vel, tornando o processo de agrafagem uma tarefa f\u00e1cil e sem esfor\u00e7o.<\/p>\n<ul>\n<li><strong>Material:<\/strong>\u00a0Fabricado em pl\u00e1stico preto com mecanismo interno em metal, que proporciona durabilidade e leveza.<\/li>\n<li><strong>Capacidade de agrafagem:<\/strong>\u00a0Pode agrafar at\u00e9 10 folhas de papel de 80 g\/m\u00b2 numa \u00fanica opera\u00e7\u00e3o.<\/li>\n<li><strong>Tipo de agrafo:<\/strong>\u00a0Utiliza agrafos n\u00ba 10, que s\u00e3o os mais adequados \u00e0 sua capacidade de folhas.<\/li>\n<li><strong>Comprimento de agrafagem:<\/strong>\u00a0A dist\u00e2ncia de agrafagem at\u00e9 \u00e0 borda da folha \u00e9 de 59 mm.<\/li>\n<li><strong>Carga:<\/strong>\u00a0Capacidade para dois pentes de 50 agrafos cada, somando um total de 100 agrafos.<\/li>\n<li><strong>Removedor de agrafos:<\/strong>\u00a0Incorpora um removedor de agrafos traseiro para maior comodidade.<\/li>\n<li><strong>Dimens\u00f5es:<\/strong>\u00a0As medidas da base s\u00e3o 24 x 45 x 105 mm, o que a torna compacta e f\u00e1cil de arrumar.<\/li>\n<\/ul>\n<p>Este agrafador \u00e9 ideal para diversos ambientes, sejam eles educativos, profissionais ou dom\u00e9sticos, e destaca-se pela sua efici\u00eancia e facilidade de utiliza\u00e7\u00e3o. A sua capacidade de agrafagem at\u00e9 10 folhas torna-a perfeita para tarefas di\u00e1rias que n\u00e3o requerem encaderna\u00e7\u00e3o de documentos volumosos. Al\u00e9m disso, o seu mecanismo de carregamento permite a reposi\u00e7\u00e3o r\u00e1pida dos grampos, evitando interrup\u00e7\u00f5es no trabalho.<\/p>\n<p>O Agrafador Q-CONNECT KF15933 \u00e9 uma op\u00e7\u00e3o fi\u00e1vel e pr\u00e1tica para um agrafamento leve e, com a manuten\u00e7\u00e3o adequada, tornar-se-\u00e1 uma ferramenta essencial e duradoura no seu dia a dia<\/p>\n","protected":false},"excerpt":{"rendered":"<p>Agrafador q-connect kf15933 plastico capacidade 10 folhas<\/p>\n","protected":false},"featured_media":119941,"comment_status":"closed","ping_status":"closed","template":"","meta":{"neve_meta_sidebar":"","neve_meta_container":"","neve_meta_enable_content_width":"off","neve_meta_content_width":100,"neve_meta_title_alignment":"","neve_meta_author_avatar":"","neve_post_elements_order":"","neve_meta_disable_header":"","neve_meta_disable_footer":"","neve_meta_disable_title":""},"product_brand":[],"product_cat":[1811],"product_tag":[2846],"class_list":{"0":"post-84495","1":"product","2":"type-product","3":"status-publish","4":"has-post-thumbnail","6":"product_cat-agrafadores-de-secretaria","7":"product_tag-agrafadores-de-secretaria-2","9":"first","10":"instock","11":"sale","12":"taxable","13":"shipping-taxable","14":"purchasable","15":"product-type-simple"},"_links":{"self":[{"href":"https:\/\/ifoffice.pt\/index.php?rest_route=\/wp\/v2\/product\/84495","targetHints":{"allow":["GET"]}}],"collection":[{"href":"https:\/\/ifoffice.pt\/index.php?rest_route=\/wp\/v2\/product"}],"about":[{"href":"https:\/\/ifoffice.pt\/index.php?rest_route=\/wp\/v2\/types\/product"}],"replies":[{"embeddable":true,"href":"https:\/\/ifoffice.pt\/index.php?rest_route=%2Fwp%2Fv2%2Fcomments&post=84495"}],"wp:featuredmedia":[{"embeddable":true,"href":"https:\/\/ifoffice.pt\/index.php?rest_route=\/wp\/v2\/media\/119941"}],"wp:attachment":[{"href":"https:\/\/ifoffice.pt\/index.php?rest_route=%2Fwp%2Fv2%2Fmedia&parent=84495"}],"wp:term":[{"taxonomy":"product_brand","embeddable":true,"href":"https:\/\/ifoffice.pt\/index.php?rest_route=%2Fwp%2Fv2%2Fproduct_brand&post=84495"},{"taxonomy":"product_cat","embeddable":true,"href":"https:\/\/ifoffice.pt\/index.php?rest_route=%2Fwp%2Fv2%2Fproduct_cat&post=84495"},{"taxonomy":"product_tag","embeddable":true,"href":"https:\/\/ifoffice.pt\/index.php?rest_route=%2Fwp%2Fv2%2Fproduct_tag&post=84495"}],"curies":[{"name":"wp","href":"https:\/\/api.w.org\/{rel}","templated":true}]}}