{"id":84338,"date":"2021-01-22T20:43:46","date_gmt":"2021-01-22T20:43:46","guid":{"rendered":"https:\/\/ifoffice.pt\/produto\/import-placeholder-for-74259\/"},"modified":"2026-02-23T14:52:58","modified_gmt":"2026-02-23T14:52:58","slug":"folha-album-liderpapel-autoadesiva-branca","status":"publish","type":"product","link":"https:\/\/ifoffice.pt\/?product=folha-album-liderpapel-autoadesiva-branca","title":{"rendered":"Folha album liderpapel autoadesiva branca"},"content":{"rendered":"<p>Folhas autoadesivas para \u00e1lbum de fotos de 4 an\u00e9is. Cart\u00e3o branco e l\u00e2mina protetora de PVC. Din A4.<\/p>\n","protected":false},"excerpt":{"rendered":"<p>PACK DE 20 UNIDADES<\/p>\n","protected":false},"featured_media":119911,"comment_status":"closed","ping_status":"closed","template":"","meta":{"neve_meta_sidebar":"","neve_meta_container":"","neve_meta_enable_content_width":"off","neve_meta_content_width":0,"neve_meta_title_alignment":"","neve_meta_author_avatar":"","neve_post_elements_order":"","neve_meta_disable_header":"","neve_meta_disable_footer":"","neve_meta_disable_title":""},"product_brand":[],"product_cat":[2191],"product_tag":[],"class_list":{"0":"post-84338","1":"product","2":"type-product","3":"status-publish","4":"has-post-thumbnail","6":"product_cat-albuns-e-acessorios","8":"first","9":"instock","10":"taxable","11":"shipping-taxable","12":"purchasable","13":"product-type-simple"},"_links":{"self":[{"href":"https:\/\/ifoffice.pt\/index.php?rest_route=\/wp\/v2\/product\/84338","targetHints":{"allow":["GET"]}}],"collection":[{"href":"https:\/\/ifoffice.pt\/index.php?rest_route=\/wp\/v2\/product"}],"about":[{"href":"https:\/\/ifoffice.pt\/index.php?rest_route=\/wp\/v2\/types\/product"}],"replies":[{"embeddable":true,"href":"https:\/\/ifoffice.pt\/index.php?rest_route=%2Fwp%2Fv2%2Fcomments&post=84338"}],"wp:featuredmedia":[{"embeddable":true,"href":"https:\/\/ifoffice.pt\/index.php?rest_route=\/wp\/v2\/media\/119911"}],"wp:attachment":[{"href":"https:\/\/ifoffice.pt\/index.php?rest_route=%2Fwp%2Fv2%2Fmedia&parent=84338"}],"wp:term":[{"taxonomy":"product_brand","embeddable":true,"href":"https:\/\/ifoffice.pt\/index.php?rest_route=%2Fwp%2Fv2%2Fproduct_brand&post=84338"},{"taxonomy":"product_cat","embeddable":true,"href":"https:\/\/ifoffice.pt\/index.php?rest_route=%2Fwp%2Fv2%2Fproduct_cat&post=84338"},{"taxonomy":"product_tag","embeddable":true,"href":"https:\/\/ifoffice.pt\/index.php?rest_route=%2Fwp%2Fv2%2Fproduct_tag&post=84338"}],"curies":[{"name":"wp","href":"https:\/\/api.w.org\/{rel}","templated":true}]}}