{"id":84322,"date":"2021-01-22T20:43:45","date_gmt":"2021-01-22T20:43:45","guid":{"rendered":"https:\/\/ifoffice.pt\/produto\/import-placeholder-for-74317\/"},"modified":"2026-02-23T13:16:20","modified_gmt":"2026-02-23T13:16:20","slug":"tubo-de-cartao-q-connect-portadocumentos-capa-plastico-60x640-mm","status":"publish","type":"product","link":"https:\/\/ifoffice.pt\/?product=tubo-de-cartao-q-connect-portadocumentos-capa-plastico-60x640-mm","title":{"rendered":"Tubo de cartao q-connect portadocumentos capa plastico 60&#215;640 mm"},"content":{"rendered":"<p>Tubo fabricado em cart\u00e3o colado 100% reciclado de 1,8 mm de espessura.  Com duas tampas de pl\u00e1stico, uma em cada extremo. Alta resist\u00eancia.  Perfeito para transporte, armazenagem e prote\u00e7\u00e3o de documentos. O\u00a0tubo.<\/p>\n","protected":false},"excerpt":{"rendered":"<p>Tubo de cartao q-connect portadocumentos capa plastico 60&#215;640 mm<\/p>\n","protected":false},"featured_media":130705,"comment_status":"closed","ping_status":"closed","template":"","meta":{"neve_meta_sidebar":"","neve_meta_container":"","neve_meta_enable_content_width":"off","neve_meta_content_width":0,"neve_meta_title_alignment":"","neve_meta_author_avatar":"","neve_post_elements_order":"","neve_meta_disable_header":"","neve_meta_disable_footer":"","neve_meta_disable_title":""},"product_brand":[],"product_cat":[1926],"product_tag":[1545],"class_list":{"0":"post-84322","1":"product","2":"type-product","3":"status-publish","4":"has-post-thumbnail","6":"product_cat-caixas-de-embalagem","7":"product_tag-cartao","9":"first","10":"instock","11":"taxable","12":"shipping-taxable","13":"purchasable","14":"product-type-simple"},"_links":{"self":[{"href":"https:\/\/ifoffice.pt\/index.php?rest_route=\/wp\/v2\/product\/84322","targetHints":{"allow":["GET"]}}],"collection":[{"href":"https:\/\/ifoffice.pt\/index.php?rest_route=\/wp\/v2\/product"}],"about":[{"href":"https:\/\/ifoffice.pt\/index.php?rest_route=\/wp\/v2\/types\/product"}],"replies":[{"embeddable":true,"href":"https:\/\/ifoffice.pt\/index.php?rest_route=%2Fwp%2Fv2%2Fcomments&post=84322"}],"wp:featuredmedia":[{"embeddable":true,"href":"https:\/\/ifoffice.pt\/index.php?rest_route=\/wp\/v2\/media\/130705"}],"wp:attachment":[{"href":"https:\/\/ifoffice.pt\/index.php?rest_route=%2Fwp%2Fv2%2Fmedia&parent=84322"}],"wp:term":[{"taxonomy":"product_brand","embeddable":true,"href":"https:\/\/ifoffice.pt\/index.php?rest_route=%2Fwp%2Fv2%2Fproduct_brand&post=84322"},{"taxonomy":"product_cat","embeddable":true,"href":"https:\/\/ifoffice.pt\/index.php?rest_route=%2Fwp%2Fv2%2Fproduct_cat&post=84322"},{"taxonomy":"product_tag","embeddable":true,"href":"https:\/\/ifoffice.pt\/index.php?rest_route=%2Fwp%2Fv2%2Fproduct_tag&post=84322"}],"curies":[{"name":"wp","href":"https:\/\/api.w.org\/{rel}","templated":true}]}}