{"id":84285,"date":"2021-01-22T20:43:29","date_gmt":"2021-01-22T20:43:29","guid":{"rendered":"https:\/\/ifoffice.pt\/produto\/import-placeholder-for-74349\/"},"modified":"2025-03-12T11:36:56","modified_gmt":"2025-03-12T11:36:56","slug":"furador-petrus-52-azul-fondant-blue-capacidade-20-folhas","status":"publish","type":"product","link":"https:\/\/ifoffice.pt\/?product=furador-petrus-52-azul-fondant-blue-capacidade-20-folhas","title":{"rendered":"Furador petrus 52 azul fondant blue capacidade 20 folhas"},"content":{"rendered":"<p>Furador met\u00e1lico edi\u00e7\u00e3o Retro. Design cl\u00e1ssico com novas cores. Apresenta pun\u00e7\u00f5es mais afiados que permitem perfurar com maior facilidade. Capacidade para perfurar: 2 mm\/20 folhas (80 g\/m\u00b2) em formatos: A4, A5, A6, f\u00f3lio, US-Quart, 8 x 8 x 8 cm. Garantia de 10 anos. Medidas da base: 95 x 111 mm. O furador.<\/p>\n","protected":false},"excerpt":{"rendered":"<p>Furador petrus 52 azul fondant blue capacidade 20 folhas<\/p>\n","protected":false},"featured_media":119882,"comment_status":"closed","ping_status":"closed","template":"","meta":{"neve_meta_sidebar":"","neve_meta_container":"","neve_meta_enable_content_width":"","neve_meta_content_width":0,"neve_meta_title_alignment":"","neve_meta_author_avatar":"","neve_post_elements_order":"","neve_meta_disable_header":"","neve_meta_disable_footer":"","neve_meta_disable_title":""},"product_brand":[],"product_cat":[1810],"product_tag":[2847],"class_list":{"0":"post-84285","1":"product","2":"type-product","3":"status-publish","4":"has-post-thumbnail","6":"product_cat-furadores-de-secretaria","7":"product_tag-furadores-de-secretaria-2","9":"first","10":"outofstock","11":"taxable","12":"shipping-taxable","13":"purchasable","14":"product-type-simple"},"_links":{"self":[{"href":"https:\/\/ifoffice.pt\/index.php?rest_route=\/wp\/v2\/product\/84285","targetHints":{"allow":["GET"]}}],"collection":[{"href":"https:\/\/ifoffice.pt\/index.php?rest_route=\/wp\/v2\/product"}],"about":[{"href":"https:\/\/ifoffice.pt\/index.php?rest_route=\/wp\/v2\/types\/product"}],"replies":[{"embeddable":true,"href":"https:\/\/ifoffice.pt\/index.php?rest_route=%2Fwp%2Fv2%2Fcomments&post=84285"}],"wp:featuredmedia":[{"embeddable":true,"href":"https:\/\/ifoffice.pt\/index.php?rest_route=\/wp\/v2\/media\/119882"}],"wp:attachment":[{"href":"https:\/\/ifoffice.pt\/index.php?rest_route=%2Fwp%2Fv2%2Fmedia&parent=84285"}],"wp:term":[{"taxonomy":"product_brand","embeddable":true,"href":"https:\/\/ifoffice.pt\/index.php?rest_route=%2Fwp%2Fv2%2Fproduct_brand&post=84285"},{"taxonomy":"product_cat","embeddable":true,"href":"https:\/\/ifoffice.pt\/index.php?rest_route=%2Fwp%2Fv2%2Fproduct_cat&post=84285"},{"taxonomy":"product_tag","embeddable":true,"href":"https:\/\/ifoffice.pt\/index.php?rest_route=%2Fwp%2Fv2%2Fproduct_tag&post=84285"}],"curies":[{"name":"wp","href":"https:\/\/api.w.org\/{rel}","templated":true}]}}