{"id":84041,"date":"2021-01-22T20:41:59","date_gmt":"2021-01-22T20:41:59","guid":{"rendered":"https:\/\/ifoffice.pt\/produto\/import-placeholder-for-74887\/"},"modified":"2026-02-23T14:46:38","modified_gmt":"2026-02-23T14:46:38","slug":"compasso-maped-com-adaptador-e-estojo-de-minas","status":"publish","type":"product","link":"https:\/\/ifoffice.pt\/?product=compasso-maped-com-adaptador-e-estojo-de-minas","title":{"rendered":"Compasso maped com adaptador e estojo de minas"},"content":{"rendered":"<p>Compasso escolar com bra\u00e7os de a\u00e7o. Durabilidade e rigidez perfeita.  Com protetor na ponta. Press\u00e3o agrad\u00e1vel. Garantia de 3 anos. Cont\u00e9m: 1  compasso, 1 adaptador abra\u00e7adeira universal e 1 estojo de minas.  Comprimento: 13 cm. Circunfer\u00eancia: 25 cm.<\/p>\n","protected":false},"excerpt":{"rendered":"<p>PACK DE 10 UNIDADES<\/p>\n","protected":false},"featured_media":119810,"comment_status":"closed","ping_status":"closed","template":"","meta":{"neve_meta_sidebar":"","neve_meta_container":"","neve_meta_enable_content_width":"off","neve_meta_content_width":0,"neve_meta_title_alignment":"","neve_meta_author_avatar":"","neve_post_elements_order":"","neve_meta_disable_header":"","neve_meta_disable_footer":"","neve_meta_disable_title":""},"product_brand":[],"product_cat":[1857],"product_tag":[1428],"class_list":{"0":"post-84041","1":"product","2":"type-product","3":"status-publish","4":"has-post-thumbnail","6":"product_cat-compassos","7":"product_tag-simples","9":"first","10":"instock","11":"taxable","12":"shipping-taxable","13":"purchasable","14":"product-type-simple"},"_links":{"self":[{"href":"https:\/\/ifoffice.pt\/index.php?rest_route=\/wp\/v2\/product\/84041","targetHints":{"allow":["GET"]}}],"collection":[{"href":"https:\/\/ifoffice.pt\/index.php?rest_route=\/wp\/v2\/product"}],"about":[{"href":"https:\/\/ifoffice.pt\/index.php?rest_route=\/wp\/v2\/types\/product"}],"replies":[{"embeddable":true,"href":"https:\/\/ifoffice.pt\/index.php?rest_route=%2Fwp%2Fv2%2Fcomments&post=84041"}],"wp:featuredmedia":[{"embeddable":true,"href":"https:\/\/ifoffice.pt\/index.php?rest_route=\/wp\/v2\/media\/119810"}],"wp:attachment":[{"href":"https:\/\/ifoffice.pt\/index.php?rest_route=%2Fwp%2Fv2%2Fmedia&parent=84041"}],"wp:term":[{"taxonomy":"product_brand","embeddable":true,"href":"https:\/\/ifoffice.pt\/index.php?rest_route=%2Fwp%2Fv2%2Fproduct_brand&post=84041"},{"taxonomy":"product_cat","embeddable":true,"href":"https:\/\/ifoffice.pt\/index.php?rest_route=%2Fwp%2Fv2%2Fproduct_cat&post=84041"},{"taxonomy":"product_tag","embeddable":true,"href":"https:\/\/ifoffice.pt\/index.php?rest_route=%2Fwp%2Fv2%2Fproduct_tag&post=84041"}],"curies":[{"name":"wp","href":"https:\/\/api.w.org\/{rel}","templated":true}]}}