{"id":83998,"date":"2021-01-22T20:41:38","date_gmt":"2021-01-22T20:41:38","guid":{"rendered":"https:\/\/ifoffice.pt\/produto\/import-placeholder-for-74904\/"},"modified":"2026-02-23T13:16:02","modified_gmt":"2026-02-23T13:16:02","slug":"furador-maped-essentials-metal-capacidade-45-folhas","status":"publish","type":"product","link":"https:\/\/ifoffice.pt\/?product=furador-maped-essentials-metal-capacidade-45-folhas","title":{"rendered":"Furador maped essentials metal capacidade 45 folhas"},"content":{"rendered":"<p>Furador met\u00e1lico preto. Perfura\u00e7\u00e3o r\u00e1pida e precisa. Base antideslizante. Bot\u00e3o de bloqueio. Sistema otimizado de fixa\u00e7\u00e3o das folhas. Calibra\u00e7\u00e3o nos an\u00e9is do arquivador. Com r\u00e9gua multiformato (A4, US, A5, F3 x 8, A6, 3 x 8) e centrado no meio da folha. 2 furos. Capacidade de perfura\u00e7\u00e3o: at\u00e9 45 folhas. Medidas da base: 140 x 117 mm. O furador.<\/p>\n","protected":false},"excerpt":{"rendered":"<p>Furador maped essentials metal capacidade 45 folhas<\/p>\n","protected":false},"featured_media":119802,"comment_status":"closed","ping_status":"closed","template":"","meta":{"neve_meta_sidebar":"","neve_meta_container":"","neve_meta_enable_content_width":"off","neve_meta_content_width":100,"neve_meta_title_alignment":"","neve_meta_author_avatar":"","neve_post_elements_order":"","neve_meta_disable_header":"","neve_meta_disable_footer":"","neve_meta_disable_title":""},"product_brand":[],"product_cat":[1810],"product_tag":[2847],"class_list":{"0":"post-83998","1":"product","2":"type-product","3":"status-publish","4":"has-post-thumbnail","6":"product_cat-furadores-de-secretaria","7":"product_tag-furadores-de-secretaria-2","9":"first","10":"instock","11":"taxable","12":"shipping-taxable","13":"purchasable","14":"product-type-simple"},"_links":{"self":[{"href":"https:\/\/ifoffice.pt\/index.php?rest_route=\/wp\/v2\/product\/83998","targetHints":{"allow":["GET"]}}],"collection":[{"href":"https:\/\/ifoffice.pt\/index.php?rest_route=\/wp\/v2\/product"}],"about":[{"href":"https:\/\/ifoffice.pt\/index.php?rest_route=\/wp\/v2\/types\/product"}],"replies":[{"embeddable":true,"href":"https:\/\/ifoffice.pt\/index.php?rest_route=%2Fwp%2Fv2%2Fcomments&post=83998"}],"wp:featuredmedia":[{"embeddable":true,"href":"https:\/\/ifoffice.pt\/index.php?rest_route=\/wp\/v2\/media\/119802"}],"wp:attachment":[{"href":"https:\/\/ifoffice.pt\/index.php?rest_route=%2Fwp%2Fv2%2Fmedia&parent=83998"}],"wp:term":[{"taxonomy":"product_brand","embeddable":true,"href":"https:\/\/ifoffice.pt\/index.php?rest_route=%2Fwp%2Fv2%2Fproduct_brand&post=83998"},{"taxonomy":"product_cat","embeddable":true,"href":"https:\/\/ifoffice.pt\/index.php?rest_route=%2Fwp%2Fv2%2Fproduct_cat&post=83998"},{"taxonomy":"product_tag","embeddable":true,"href":"https:\/\/ifoffice.pt\/index.php?rest_route=%2Fwp%2Fv2%2Fproduct_tag&post=83998"}],"curies":[{"name":"wp","href":"https:\/\/api.w.org\/{rel}","templated":true}]}}