{"id":83992,"date":"2021-01-22T20:41:37","date_gmt":"2021-01-22T20:41:37","guid":{"rendered":"https:\/\/ifoffice.pt\/produto\/import-placeholder-for-75003\/"},"modified":"2026-02-23T13:16:01","modified_gmt":"2026-02-23T13:16:01","slug":"argila-sio-2-branca-pack-de-1-5-kg","status":"publish","type":"product","link":"https:\/\/ifoffice.pt\/?product=argila-sio-2-branca-pack-de-1-5-kg","title":{"rendered":"Argila sio-2 branca pack de 1.5 kg"},"content":{"rendered":"<p>Pasta cer\u00e2mica pronta a usar. Composi\u00e7\u00e3o natural 100%. Material did\u00e1tico  adequado para trabalhos manuais, torno e modelagem. Embalada sobre  press\u00e3o e em v\u00e1cuo. Seca ao ar adquirindo grande dureza. N\u00e3o precisa cozer.<\/p>\n","protected":false},"excerpt":{"rendered":"<p>Argila sio-2 branca pack de 1.5 kg<\/p>\n","protected":false},"featured_media":119796,"comment_status":"closed","ping_status":"closed","template":"","meta":{"neve_meta_sidebar":"","neve_meta_container":"","neve_meta_enable_content_width":"off","neve_meta_content_width":0,"neve_meta_title_alignment":"","neve_meta_author_avatar":"","neve_post_elements_order":"","neve_meta_disable_header":"","neve_meta_disable_footer":"","neve_meta_disable_title":""},"product_brand":[],"product_cat":[2814],"product_tag":[1527],"class_list":{"0":"post-83992","1":"product","2":"type-product","3":"status-publish","4":"has-post-thumbnail","6":"product_cat-plasticinas-argila-pasta-model","7":"product_tag-argilas","9":"first","10":"instock","11":"taxable","12":"shipping-taxable","13":"purchasable","14":"product-type-simple"},"_links":{"self":[{"href":"https:\/\/ifoffice.pt\/index.php?rest_route=\/wp\/v2\/product\/83992","targetHints":{"allow":["GET"]}}],"collection":[{"href":"https:\/\/ifoffice.pt\/index.php?rest_route=\/wp\/v2\/product"}],"about":[{"href":"https:\/\/ifoffice.pt\/index.php?rest_route=\/wp\/v2\/types\/product"}],"replies":[{"embeddable":true,"href":"https:\/\/ifoffice.pt\/index.php?rest_route=%2Fwp%2Fv2%2Fcomments&post=83992"}],"wp:featuredmedia":[{"embeddable":true,"href":"https:\/\/ifoffice.pt\/index.php?rest_route=\/wp\/v2\/media\/119796"}],"wp:attachment":[{"href":"https:\/\/ifoffice.pt\/index.php?rest_route=%2Fwp%2Fv2%2Fmedia&parent=83992"}],"wp:term":[{"taxonomy":"product_brand","embeddable":true,"href":"https:\/\/ifoffice.pt\/index.php?rest_route=%2Fwp%2Fv2%2Fproduct_brand&post=83992"},{"taxonomy":"product_cat","embeddable":true,"href":"https:\/\/ifoffice.pt\/index.php?rest_route=%2Fwp%2Fv2%2Fproduct_cat&post=83992"},{"taxonomy":"product_tag","embeddable":true,"href":"https:\/\/ifoffice.pt\/index.php?rest_route=%2Fwp%2Fv2%2Fproduct_tag&post=83992"}],"curies":[{"name":"wp","href":"https:\/\/api.w.org\/{rel}","templated":true}]}}