{"id":83987,"date":"2021-01-22T20:41:36","date_gmt":"2021-01-22T20:41:36","guid":{"rendered":"https:\/\/ifoffice.pt\/produto\/import-placeholder-for-75016\/"},"modified":"2025-03-12T15:03:01","modified_gmt":"2025-03-12T15:03:01","slug":"estojo-estreito-liderpapel-preto-200x60-mm","status":"publish","type":"product","link":"https:\/\/ifoffice.pt\/?product=estojo-estreito-liderpapel-preto-200x60-mm","title":{"rendered":"Estojo estreito liderpapel preto 200&#215;60 mm"},"content":{"rendered":"<p>Estojo escolar com um departamento com fecho \u00e9clair, ideal para guardar o material escolar de uso di\u00e1rio: esferogr\u00e1ficas, lapiseiras, borrachas, apara l\u00e1pis, etc.  Diferentes cores e medidas.<\/p>\n","protected":false},"excerpt":{"rendered":"<p>Estojo estreito liderpapel preto 200&#215;60 mm<\/p>\n","protected":false},"featured_media":130930,"comment_status":"closed","ping_status":"closed","template":"","meta":{"neve_meta_sidebar":"","neve_meta_container":"","neve_meta_enable_content_width":"off","neve_meta_content_width":0,"neve_meta_title_alignment":"","neve_meta_author_avatar":"","neve_post_elements_order":"","neve_meta_disable_header":"","neve_meta_disable_footer":"","neve_meta_disable_title":""},"product_brand":[],"product_cat":[2816],"product_tag":[2880],"class_list":{"0":"post-83987","1":"product","2":"type-product","3":"status-publish","4":"has-post-thumbnail","6":"product_cat-estojos-escolares","7":"product_tag-escolar2023","9":"first","10":"instock","11":"sale","12":"taxable","13":"shipping-taxable","14":"purchasable","15":"product-type-simple"},"_links":{"self":[{"href":"https:\/\/ifoffice.pt\/index.php?rest_route=\/wp\/v2\/product\/83987","targetHints":{"allow":["GET"]}}],"collection":[{"href":"https:\/\/ifoffice.pt\/index.php?rest_route=\/wp\/v2\/product"}],"about":[{"href":"https:\/\/ifoffice.pt\/index.php?rest_route=\/wp\/v2\/types\/product"}],"replies":[{"embeddable":true,"href":"https:\/\/ifoffice.pt\/index.php?rest_route=%2Fwp%2Fv2%2Fcomments&post=83987"}],"wp:featuredmedia":[{"embeddable":true,"href":"https:\/\/ifoffice.pt\/index.php?rest_route=\/wp\/v2\/media\/130930"}],"wp:attachment":[{"href":"https:\/\/ifoffice.pt\/index.php?rest_route=%2Fwp%2Fv2%2Fmedia&parent=83987"}],"wp:term":[{"taxonomy":"product_brand","embeddable":true,"href":"https:\/\/ifoffice.pt\/index.php?rest_route=%2Fwp%2Fv2%2Fproduct_brand&post=83987"},{"taxonomy":"product_cat","embeddable":true,"href":"https:\/\/ifoffice.pt\/index.php?rest_route=%2Fwp%2Fv2%2Fproduct_cat&post=83987"},{"taxonomy":"product_tag","embeddable":true,"href":"https:\/\/ifoffice.pt\/index.php?rest_route=%2Fwp%2Fv2%2Fproduct_tag&post=83987"}],"curies":[{"name":"wp","href":"https:\/\/api.w.org\/{rel}","templated":true}]}}