{"id":83740,"date":"2021-01-22T20:40:04","date_gmt":"2021-01-22T20:40:04","guid":{"rendered":"https:\/\/ifoffice.pt\/produto\/import-placeholder-for-75341\/"},"modified":"2026-02-23T13:15:41","modified_gmt":"2026-02-23T13:15:41","slug":"compasso-faber-castell-escolar-de-ajuste-rapido-com-adaptador-universal","status":"publish","type":"product","link":"https:\/\/ifoffice.pt\/?product=compasso-faber-castell-escolar-de-ajuste-rapido-com-adaptador-universal","title":{"rendered":"Compasso faber castell escolar de ajuste rapido com adaptador universal"},"content":{"rendered":"<p>Compasso de ajuste r\u00e1pido vers\u00e3o econ\u00f3mica. Para circunfer\u00eancias at\u00e9 34  cm. Com articula\u00e7\u00f5es em ambos bra\u00e7os, acess\u00f3rios de recarga, mina e  adaptador universal.<\/p>\n","protected":false},"excerpt":{"rendered":"<p>Compasso faber castell escolar de ajuste rapido com adaptador universal<\/p>\n","protected":false},"featured_media":119675,"comment_status":"closed","ping_status":"closed","template":"","meta":{"neve_meta_sidebar":"","neve_meta_container":"","neve_meta_enable_content_width":"off","neve_meta_content_width":0,"neve_meta_title_alignment":"","neve_meta_author_avatar":"","neve_post_elements_order":"","neve_meta_disable_header":"","neve_meta_disable_footer":"","neve_meta_disable_title":""},"product_brand":[],"product_cat":[1857],"product_tag":[1123],"class_list":{"0":"post-83740","1":"product","2":"type-product","3":"status-publish","4":"has-post-thumbnail","6":"product_cat-compassos","7":"product_tag-micrometrico","9":"first","10":"instock","11":"taxable","12":"shipping-taxable","13":"purchasable","14":"product-type-simple"},"_links":{"self":[{"href":"https:\/\/ifoffice.pt\/index.php?rest_route=\/wp\/v2\/product\/83740","targetHints":{"allow":["GET"]}}],"collection":[{"href":"https:\/\/ifoffice.pt\/index.php?rest_route=\/wp\/v2\/product"}],"about":[{"href":"https:\/\/ifoffice.pt\/index.php?rest_route=\/wp\/v2\/types\/product"}],"replies":[{"embeddable":true,"href":"https:\/\/ifoffice.pt\/index.php?rest_route=%2Fwp%2Fv2%2Fcomments&post=83740"}],"wp:featuredmedia":[{"embeddable":true,"href":"https:\/\/ifoffice.pt\/index.php?rest_route=\/wp\/v2\/media\/119675"}],"wp:attachment":[{"href":"https:\/\/ifoffice.pt\/index.php?rest_route=%2Fwp%2Fv2%2Fmedia&parent=83740"}],"wp:term":[{"taxonomy":"product_brand","embeddable":true,"href":"https:\/\/ifoffice.pt\/index.php?rest_route=%2Fwp%2Fv2%2Fproduct_brand&post=83740"},{"taxonomy":"product_cat","embeddable":true,"href":"https:\/\/ifoffice.pt\/index.php?rest_route=%2Fwp%2Fv2%2Fproduct_cat&post=83740"},{"taxonomy":"product_tag","embeddable":true,"href":"https:\/\/ifoffice.pt\/index.php?rest_route=%2Fwp%2Fv2%2Fproduct_tag&post=83740"}],"curies":[{"name":"wp","href":"https:\/\/api.w.org\/{rel}","templated":true}]}}