{"id":83736,"date":"2021-01-22T20:40:02","date_gmt":"2021-01-22T20:40:02","guid":{"rendered":"https:\/\/ifoffice.pt\/produto\/import-placeholder-for-75345\/"},"modified":"2026-02-23T13:15:39","modified_gmt":"2026-02-23T13:15:39","slug":"lapis-de-cores-faber-castell-caixa-metalica-de-24-cores-sortidas","status":"publish","type":"product","link":"https:\/\/ifoffice.pt\/?product=lapis-de-cores-faber-castell-caixa-metalica-de-24-cores-sortidas","title":{"rendered":"Lapis de cor faber castell caixa metalica de 24 cores sortidas"},"content":{"rendered":"<p>EcoL\u00e1pis de cor de alta qualidade com forma hexagonal. Cores intensas  e brilhantes de aplica\u00e7\u00e3o extra suave. Mina protegida contra a rotura pelo  processo especial de colagem SV. Com espa\u00e7o para escrever o nome.  Estojo de metal. Altura do l\u00e1pis: 175 mm. Di\u00e2metro  do l\u00e1pis: 8 mm. Di\u00e2metro da mina: 3,3 mm.<\/p>\n","protected":false},"excerpt":{"rendered":"<p>Lapis de cor faber castell caixa metalica de 24 cores sortidas<\/p>\n","protected":false},"featured_media":119671,"comment_status":"closed","ping_status":"closed","template":"","meta":{"neve_meta_sidebar":"","neve_meta_container":"","neve_meta_enable_content_width":"off","neve_meta_content_width":0,"neve_meta_title_alignment":"","neve_meta_author_avatar":"","neve_post_elements_order":"","neve_meta_disable_header":"","neve_meta_disable_footer":"","neve_meta_disable_title":""},"product_brand":[],"product_cat":[1856],"product_tag":[1129],"class_list":{"0":"post-83736","1":"product","2":"type-product","3":"status-publish","4":"has-post-thumbnail","6":"product_cat-lapis-de-cor","7":"product_tag-madeira","9":"first","10":"instock","11":"taxable","12":"shipping-taxable","13":"purchasable","14":"product-type-simple"},"_links":{"self":[{"href":"https:\/\/ifoffice.pt\/index.php?rest_route=\/wp\/v2\/product\/83736","targetHints":{"allow":["GET"]}}],"collection":[{"href":"https:\/\/ifoffice.pt\/index.php?rest_route=\/wp\/v2\/product"}],"about":[{"href":"https:\/\/ifoffice.pt\/index.php?rest_route=\/wp\/v2\/types\/product"}],"replies":[{"embeddable":true,"href":"https:\/\/ifoffice.pt\/index.php?rest_route=%2Fwp%2Fv2%2Fcomments&post=83736"}],"wp:featuredmedia":[{"embeddable":true,"href":"https:\/\/ifoffice.pt\/index.php?rest_route=\/wp\/v2\/media\/119671"}],"wp:attachment":[{"href":"https:\/\/ifoffice.pt\/index.php?rest_route=%2Fwp%2Fv2%2Fmedia&parent=83736"}],"wp:term":[{"taxonomy":"product_brand","embeddable":true,"href":"https:\/\/ifoffice.pt\/index.php?rest_route=%2Fwp%2Fv2%2Fproduct_brand&post=83736"},{"taxonomy":"product_cat","embeddable":true,"href":"https:\/\/ifoffice.pt\/index.php?rest_route=%2Fwp%2Fv2%2Fproduct_cat&post=83736"},{"taxonomy":"product_tag","embeddable":true,"href":"https:\/\/ifoffice.pt\/index.php?rest_route=%2Fwp%2Fv2%2Fproduct_tag&post=83736"}],"curies":[{"name":"wp","href":"https:\/\/api.w.org\/{rel}","templated":true}]}}