{"id":83461,"date":"2021-01-22T20:38:09","date_gmt":"2021-01-22T20:38:09","guid":{"rendered":"https:\/\/ifoffice.pt\/produto\/import-placeholder-for-75635\/"},"modified":"2026-02-23T13:15:19","modified_gmt":"2026-02-23T13:15:19","slug":"pensos-protetores-nexcare-impermeaveis-20-unidades-formatos-sortidos","status":"publish","type":"product","link":"https:\/\/ifoffice.pt\/?product=pensos-protetores-nexcare-impermeaveis-20-unidades-formatos-sortidos","title":{"rendered":"Pensos protetores nexcare impermeaveis 20 unidades formatos sortidos"},"content":{"rendered":"<p>Tiras adesivas hipoalerg\u00e9nicas. Flex\u00edveis gra\u00e7as \u00e0 suave espuma com efeito  acolchoado. 3 tamanhos sortidos. Caixa com 20 unidades sortidas.<\/p>\n","protected":false},"excerpt":{"rendered":"<p>Pensos protetores nexcare impermeaveis 20 unidades formatos sortidos<\/p>\n","protected":false},"featured_media":119559,"comment_status":"closed","ping_status":"closed","template":"","meta":{"neve_meta_sidebar":"","neve_meta_container":"","neve_meta_enable_content_width":"off","neve_meta_content_width":0,"neve_meta_title_alignment":"","neve_meta_author_avatar":"","neve_post_elements_order":"","neve_meta_disable_header":"","neve_meta_disable_footer":"","neve_meta_disable_title":""},"product_brand":[],"product_cat":[1791],"product_tag":[1164],"class_list":{"0":"post-83461","1":"product","2":"type-product","3":"status-publish","4":"has-post-thumbnail","6":"product_cat-prevencao","7":"product_tag-primeiros-socorros","9":"first","10":"instock","11":"taxable","12":"shipping-taxable","13":"purchasable","14":"product-type-simple"},"_links":{"self":[{"href":"https:\/\/ifoffice.pt\/index.php?rest_route=\/wp\/v2\/product\/83461","targetHints":{"allow":["GET"]}}],"collection":[{"href":"https:\/\/ifoffice.pt\/index.php?rest_route=\/wp\/v2\/product"}],"about":[{"href":"https:\/\/ifoffice.pt\/index.php?rest_route=\/wp\/v2\/types\/product"}],"replies":[{"embeddable":true,"href":"https:\/\/ifoffice.pt\/index.php?rest_route=%2Fwp%2Fv2%2Fcomments&post=83461"}],"wp:featuredmedia":[{"embeddable":true,"href":"https:\/\/ifoffice.pt\/index.php?rest_route=\/wp\/v2\/media\/119559"}],"wp:attachment":[{"href":"https:\/\/ifoffice.pt\/index.php?rest_route=%2Fwp%2Fv2%2Fmedia&parent=83461"}],"wp:term":[{"taxonomy":"product_brand","embeddable":true,"href":"https:\/\/ifoffice.pt\/index.php?rest_route=%2Fwp%2Fv2%2Fproduct_brand&post=83461"},{"taxonomy":"product_cat","embeddable":true,"href":"https:\/\/ifoffice.pt\/index.php?rest_route=%2Fwp%2Fv2%2Fproduct_cat&post=83461"},{"taxonomy":"product_tag","embeddable":true,"href":"https:\/\/ifoffice.pt\/index.php?rest_route=%2Fwp%2Fv2%2Fproduct_tag&post=83461"}],"curies":[{"name":"wp","href":"https:\/\/api.w.org\/{rel}","templated":true}]}}