{"id":83454,"date":"2021-01-22T20:38:08","date_gmt":"2021-01-22T20:38:08","guid":{"rendered":"https:\/\/ifoffice.pt\/produto\/import-placeholder-for-75671\/"},"modified":"2026-02-23T13:15:17","modified_gmt":"2026-02-23T13:15:17","slug":"organizador-de-cabos-mediarange-25m-20mm","status":"publish","type":"product","link":"https:\/\/ifoffice.pt\/?product=organizador-de-cabos-mediarange-25m-20mm","title":{"rendered":"Organizador de cabos mediarange 2,5m 20mm"},"content":{"rendered":"<p>Organizador de cabos fabricado em pl\u00e1stico flex\u00edvel. Tamb\u00e9m serve para ocultar e proteger. Pode-se introduzir ou retirar cabos f\u00e1cilmente, e encortar ou alargar segundo a necessidade. Cor preto. Comprimento do cabo: 2,5 m. Di\u00e2metro: 20 mm.<\/p>\n","protected":false},"excerpt":{"rendered":"<p>Organizador de cabos mediarange 2,5m 20mm<\/p>\n","protected":false},"featured_media":119552,"comment_status":"closed","ping_status":"closed","template":"","meta":{"neve_meta_sidebar":"","neve_meta_container":"","neve_meta_enable_content_width":"","neve_meta_content_width":0,"neve_meta_title_alignment":"","neve_meta_author_avatar":"","neve_post_elements_order":"","neve_meta_disable_header":"","neve_meta_disable_footer":"","neve_meta_disable_title":""},"product_brand":[],"product_cat":[1819],"product_tag":[1180],"class_list":{"0":"post-83454","1":"product","2":"type-product","3":"status-publish","4":"has-post-thumbnail","6":"product_cat-conectividade-cabos-wifi-hub","7":"product_tag-cabos","9":"first","10":"instock","11":"taxable","12":"shipping-taxable","13":"purchasable","14":"product-type-simple"},"_links":{"self":[{"href":"https:\/\/ifoffice.pt\/index.php?rest_route=\/wp\/v2\/product\/83454","targetHints":{"allow":["GET"]}}],"collection":[{"href":"https:\/\/ifoffice.pt\/index.php?rest_route=\/wp\/v2\/product"}],"about":[{"href":"https:\/\/ifoffice.pt\/index.php?rest_route=\/wp\/v2\/types\/product"}],"replies":[{"embeddable":true,"href":"https:\/\/ifoffice.pt\/index.php?rest_route=%2Fwp%2Fv2%2Fcomments&post=83454"}],"wp:featuredmedia":[{"embeddable":true,"href":"https:\/\/ifoffice.pt\/index.php?rest_route=\/wp\/v2\/media\/119552"}],"wp:attachment":[{"href":"https:\/\/ifoffice.pt\/index.php?rest_route=%2Fwp%2Fv2%2Fmedia&parent=83454"}],"wp:term":[{"taxonomy":"product_brand","embeddable":true,"href":"https:\/\/ifoffice.pt\/index.php?rest_route=%2Fwp%2Fv2%2Fproduct_brand&post=83454"},{"taxonomy":"product_cat","embeddable":true,"href":"https:\/\/ifoffice.pt\/index.php?rest_route=%2Fwp%2Fv2%2Fproduct_cat&post=83454"},{"taxonomy":"product_tag","embeddable":true,"href":"https:\/\/ifoffice.pt\/index.php?rest_route=%2Fwp%2Fv2%2Fproduct_tag&post=83454"}],"curies":[{"name":"wp","href":"https:\/\/api.w.org\/{rel}","templated":true}]}}