{"id":83263,"date":"2021-01-22T20:37:03","date_gmt":"2021-01-22T20:37:03","guid":{"rendered":"https:\/\/ifoffice.pt\/produto\/import-placeholder-for-75909\/"},"modified":"2026-02-23T13:14:56","modified_gmt":"2026-02-23T13:14:56","slug":"capacete-de-obra-deltaplus-de-polietileno-ajustavel-com-isolamento-eletrico-cor-branco","status":"publish","type":"product","link":"https:\/\/ifoffice.pt\/?product=capacete-de-obra-deltaplus-de-polietileno-ajustavel-com-isolamento-eletrico-cor-branco","title":{"rendered":"Capacete de obra deltaplus de polietileno ajustavel com isolamento eletrico cor branco"},"content":{"rendered":"<p>Novo capacete de prote\u00e7\u00e3o com ranhuras, adapt\u00e1vel a m\u00e1scaras de soldadura. Ajuste por roleta. C\u00f3modo e perfeito apoio na nuca gra\u00e7as \u00e0 ergon\u00f3mica forma da parte traseira do arn\u00eas. Material: Polipropileno. Cumpre a norma EN397.<\/p>\n","protected":false},"excerpt":{"rendered":"<p>Capacete de obra deltaplus de polietileno ajustavel com isolamento eletrico cor branco<\/p>\n","protected":false},"featured_media":119464,"comment_status":"closed","ping_status":"closed","template":"","meta":{"neve_meta_sidebar":"","neve_meta_container":"","neve_meta_enable_content_width":"off","neve_meta_content_width":100,"neve_meta_title_alignment":"","neve_meta_author_avatar":"","neve_post_elements_order":"","neve_meta_disable_header":"","neve_meta_disable_footer":"","neve_meta_disable_title":""},"product_brand":[],"product_cat":[1791],"product_tag":[1325,2949],"class_list":{"0":"post-83263","1":"product","2":"type-product","3":"status-publish","4":"has-post-thumbnail","6":"product_cat-prevencao","7":"product_tag-capacetes","8":"product_tag-seguranca-epis","10":"first","11":"instock","12":"sale","13":"taxable","14":"shipping-taxable","15":"purchasable","16":"product-type-simple"},"_links":{"self":[{"href":"https:\/\/ifoffice.pt\/index.php?rest_route=\/wp\/v2\/product\/83263","targetHints":{"allow":["GET"]}}],"collection":[{"href":"https:\/\/ifoffice.pt\/index.php?rest_route=\/wp\/v2\/product"}],"about":[{"href":"https:\/\/ifoffice.pt\/index.php?rest_route=\/wp\/v2\/types\/product"}],"replies":[{"embeddable":true,"href":"https:\/\/ifoffice.pt\/index.php?rest_route=%2Fwp%2Fv2%2Fcomments&post=83263"}],"wp:featuredmedia":[{"embeddable":true,"href":"https:\/\/ifoffice.pt\/index.php?rest_route=\/wp\/v2\/media\/119464"}],"wp:attachment":[{"href":"https:\/\/ifoffice.pt\/index.php?rest_route=%2Fwp%2Fv2%2Fmedia&parent=83263"}],"wp:term":[{"taxonomy":"product_brand","embeddable":true,"href":"https:\/\/ifoffice.pt\/index.php?rest_route=%2Fwp%2Fv2%2Fproduct_brand&post=83263"},{"taxonomy":"product_cat","embeddable":true,"href":"https:\/\/ifoffice.pt\/index.php?rest_route=%2Fwp%2Fv2%2Fproduct_cat&post=83263"},{"taxonomy":"product_tag","embeddable":true,"href":"https:\/\/ifoffice.pt\/index.php?rest_route=%2Fwp%2Fv2%2Fproduct_tag&post=83263"}],"curies":[{"name":"wp","href":"https:\/\/api.w.org\/{rel}","templated":true}]}}