{"id":83226,"date":"2021-01-22T20:36:43","date_gmt":"2021-01-22T20:36:43","guid":{"rendered":"https:\/\/ifoffice.pt\/produto\/import-placeholder-for-75935\/"},"modified":"2026-02-23T13:14:55","modified_gmt":"2026-02-23T13:14:55","slug":"bandeja-cep-apta-para-alimentos-empilhavel-policarbonato-preto-532x372x20-mm","status":"publish","type":"product","link":"https:\/\/ifoffice.pt\/?product=bandeja-cep-apta-para-alimentos-empilhavel-policarbonato-preto-532x372x20-mm","title":{"rendered":"Bandeja cep apta para alimentos empilhavel policarbonato preto 532x372x20 mm"},"content":{"rendered":"<p>Utiliza-se tanto em casa como no escrit\u00f3rio.  11 compartimentos para ordenar todos os  acess\u00f3rios necess\u00e1rios ao lado da cafeteira,  do fervedor (guardanapos, copos, colheres  de ch\u00e1, a\u00e7\u00facar, bolsas de ch\u00e1&#8217;). Capacidade: plus de  300 copos. Poliestireno alto impacto. Medidas: 462 x 168 x 249 mm.<\/p>\n","protected":false},"excerpt":{"rendered":"<p>Bandeja cep apta para alimentos empilhavel policarbonato preto 532x372x20 mm<\/p>\n","protected":false},"featured_media":119458,"comment_status":"closed","ping_status":"closed","template":"","meta":{"neve_meta_sidebar":"","neve_meta_container":"","neve_meta_enable_content_width":"off","neve_meta_content_width":0,"neve_meta_title_alignment":"","neve_meta_author_avatar":"","neve_post_elements_order":"","neve_meta_disable_header":"","neve_meta_disable_footer":"","neve_meta_disable_title":""},"product_brand":[],"product_cat":[15],"product_tag":[900,2054],"class_list":{"0":"post-83226","1":"product","2":"type-product","3":"status-publish","4":"has-post-thumbnail","6":"product_cat-uncategorized","7":"product_tag-bandejas","8":"product_tag-bandejas-snacks","10":"first","11":"instock","12":"taxable","13":"shipping-taxable","14":"purchasable","15":"product-type-simple"},"_links":{"self":[{"href":"https:\/\/ifoffice.pt\/index.php?rest_route=\/wp\/v2\/product\/83226","targetHints":{"allow":["GET"]}}],"collection":[{"href":"https:\/\/ifoffice.pt\/index.php?rest_route=\/wp\/v2\/product"}],"about":[{"href":"https:\/\/ifoffice.pt\/index.php?rest_route=\/wp\/v2\/types\/product"}],"replies":[{"embeddable":true,"href":"https:\/\/ifoffice.pt\/index.php?rest_route=%2Fwp%2Fv2%2Fcomments&post=83226"}],"wp:featuredmedia":[{"embeddable":true,"href":"https:\/\/ifoffice.pt\/index.php?rest_route=\/wp\/v2\/media\/119458"}],"wp:attachment":[{"href":"https:\/\/ifoffice.pt\/index.php?rest_route=%2Fwp%2Fv2%2Fmedia&parent=83226"}],"wp:term":[{"taxonomy":"product_brand","embeddable":true,"href":"https:\/\/ifoffice.pt\/index.php?rest_route=%2Fwp%2Fv2%2Fproduct_brand&post=83226"},{"taxonomy":"product_cat","embeddable":true,"href":"https:\/\/ifoffice.pt\/index.php?rest_route=%2Fwp%2Fv2%2Fproduct_cat&post=83226"},{"taxonomy":"product_tag","embeddable":true,"href":"https:\/\/ifoffice.pt\/index.php?rest_route=%2Fwp%2Fv2%2Fproduct_tag&post=83226"}],"curies":[{"name":"wp","href":"https:\/\/api.w.org\/{rel}","templated":true}]}}