{"id":83214,"date":"2021-01-22T20:36:42","date_gmt":"2021-01-22T20:36:42","guid":{"rendered":"https:\/\/ifoffice.pt\/produto\/import-placeholder-for-75970\/"},"modified":"2026-02-23T13:14:54","modified_gmt":"2026-02-23T13:14:54","slug":"mochila-para-portatil-q-connect-18-preta-medidas-330x470x180-mm","status":"publish","type":"product","link":"https:\/\/ifoffice.pt\/?product=mochila-para-portatil-q-connect-18-preta-medidas-330x470x180-mm","title":{"rendered":"Mochila para portatil q-connect 18&#8243; preta medidas 330x470x180 mm"},"content":{"rendered":"<p>Mochila para port\u00e1til, pr\u00e1tica e leve fabricada em poli\u00e9ster. Tem uma bolsa exterior com fecho \u00e9clair, para ter \u00e0 m\u00e3o o telem\u00f3vel, as chaves, a carteira, etc. Tem um compartimento interior acolchoado para o computador port\u00e1til com fecho de velcro. Bolsas de rede laterais para a \u00e1gua ou cabos. Uma asa de m\u00e3o e duas asas para pendurar nas costas. Cor preto. Medidas: 330 x 470 x 180 mm.<\/p>\n","protected":false},"excerpt":{"rendered":"<p>Mochila para portatil q-connect 18&#8243; preta medidas 330x470x180 mm<\/p>\n","protected":false},"featured_media":131227,"comment_status":"closed","ping_status":"closed","template":"","meta":{"neve_meta_sidebar":"","neve_meta_container":"","neve_meta_enable_content_width":"","neve_meta_content_width":0,"neve_meta_title_alignment":"","neve_meta_author_avatar":"","neve_post_elements_order":"","neve_meta_disable_header":"","neve_meta_disable_footer":"","neve_meta_disable_title":""},"product_brand":[],"product_cat":[1865],"product_tag":[1148],"class_list":{"0":"post-83214","1":"product","2":"type-product","3":"status-publish","4":"has-post-thumbnail","6":"product_cat-arquivo-bolsas-malas","7":"product_tag-malas-para-computador","9":"first","10":"instock","11":"taxable","12":"shipping-taxable","13":"purchasable","14":"product-type-simple"},"_links":{"self":[{"href":"https:\/\/ifoffice.pt\/index.php?rest_route=\/wp\/v2\/product\/83214","targetHints":{"allow":["GET"]}}],"collection":[{"href":"https:\/\/ifoffice.pt\/index.php?rest_route=\/wp\/v2\/product"}],"about":[{"href":"https:\/\/ifoffice.pt\/index.php?rest_route=\/wp\/v2\/types\/product"}],"replies":[{"embeddable":true,"href":"https:\/\/ifoffice.pt\/index.php?rest_route=%2Fwp%2Fv2%2Fcomments&post=83214"}],"wp:featuredmedia":[{"embeddable":true,"href":"https:\/\/ifoffice.pt\/index.php?rest_route=\/wp\/v2\/media\/131227"}],"wp:attachment":[{"href":"https:\/\/ifoffice.pt\/index.php?rest_route=%2Fwp%2Fv2%2Fmedia&parent=83214"}],"wp:term":[{"taxonomy":"product_brand","embeddable":true,"href":"https:\/\/ifoffice.pt\/index.php?rest_route=%2Fwp%2Fv2%2Fproduct_brand&post=83214"},{"taxonomy":"product_cat","embeddable":true,"href":"https:\/\/ifoffice.pt\/index.php?rest_route=%2Fwp%2Fv2%2Fproduct_cat&post=83214"},{"taxonomy":"product_tag","embeddable":true,"href":"https:\/\/ifoffice.pt\/index.php?rest_route=%2Fwp%2Fv2%2Fproduct_tag&post=83214"}],"curies":[{"name":"wp","href":"https:\/\/api.w.org\/{rel}","templated":true}]}}