{"id":83145,"date":"2021-01-22T20:36:16","date_gmt":"2021-01-22T20:36:16","guid":{"rendered":"https:\/\/ifoffice.pt\/produto\/import-placeholder-for-76119\/"},"modified":"2026-04-17T16:05:27","modified_gmt":"2026-04-17T16:05:27","slug":"oculos-faru-de-protecao-visitas-de-policarbonato-incoras","status":"publish","type":"product","link":"https:\/\/ifoffice.pt\/?product=oculos-faru-de-protecao-visitas-de-policarbonato-incoras","title":{"rendered":"Oculos faru de protecao visitas de policarbonato incoras"},"content":{"rendered":"<p>Desenhados para proteger a entrada para os olhos de part\u00edculas a alta velocidade (impacto de baixa energia). Cumprem a norma EN166. Poder refletor das lentes Classe 1. Ajuste universal. S\u00e3o ideais para uso de visitantes ou para visitas do pessoas a zonas perigosas para os olhos. N\u00e3o est\u00e3o indicados para utilizar-se com ferramentas de cartuchos explosivos. N\u00e3o s\u00e3o indicados para uso em trabalhos de soldaduras nem trabalhos em frente de grandes fornos. Podem colocar-se sobre \u00f3culos de gradua\u00e7\u00e3o normal. Peso: 40 g.<\/p>\n","protected":false},"excerpt":{"rendered":"<p>PACK DE 10 UNIDADES<\/p>\n","protected":false},"featured_media":119423,"comment_status":"closed","ping_status":"closed","template":"","meta":{"neve_meta_sidebar":"","neve_meta_container":"","neve_meta_enable_content_width":"off","neve_meta_content_width":100,"neve_meta_title_alignment":"","neve_meta_author_avatar":"","neve_post_elements_order":"","neve_meta_disable_header":"","neve_meta_disable_footer":"","neve_meta_disable_title":""},"product_brand":[],"product_cat":[1791],"product_tag":[1012,1091,2949],"class_list":{"0":"post-83145","1":"product","2":"type-product","3":"status-publish","4":"has-post-thumbnail","6":"product_cat-prevencao","7":"product_tag-covid","8":"product_tag-oculos","9":"product_tag-seguranca-epis","11":"first","12":"instock","13":"taxable","14":"shipping-taxable","15":"purchasable","16":"product-type-simple"},"_links":{"self":[{"href":"https:\/\/ifoffice.pt\/index.php?rest_route=\/wp\/v2\/product\/83145","targetHints":{"allow":["GET"]}}],"collection":[{"href":"https:\/\/ifoffice.pt\/index.php?rest_route=\/wp\/v2\/product"}],"about":[{"href":"https:\/\/ifoffice.pt\/index.php?rest_route=\/wp\/v2\/types\/product"}],"replies":[{"embeddable":true,"href":"https:\/\/ifoffice.pt\/index.php?rest_route=%2Fwp%2Fv2%2Fcomments&post=83145"}],"wp:featuredmedia":[{"embeddable":true,"href":"https:\/\/ifoffice.pt\/index.php?rest_route=\/wp\/v2\/media\/119423"}],"wp:attachment":[{"href":"https:\/\/ifoffice.pt\/index.php?rest_route=%2Fwp%2Fv2%2Fmedia&parent=83145"}],"wp:term":[{"taxonomy":"product_brand","embeddable":true,"href":"https:\/\/ifoffice.pt\/index.php?rest_route=%2Fwp%2Fv2%2Fproduct_brand&post=83145"},{"taxonomy":"product_cat","embeddable":true,"href":"https:\/\/ifoffice.pt\/index.php?rest_route=%2Fwp%2Fv2%2Fproduct_cat&post=83145"},{"taxonomy":"product_tag","embeddable":true,"href":"https:\/\/ifoffice.pt\/index.php?rest_route=%2Fwp%2Fv2%2Fproduct_tag&post=83145"}],"curies":[{"name":"wp","href":"https:\/\/api.w.org\/{rel}","templated":true}]}}