{"id":82736,"date":"2021-01-22T20:33:36","date_gmt":"2021-01-22T20:33:36","guid":{"rendered":"https:\/\/ifoffice.pt\/produto\/import-placeholder-for-77429\/"},"modified":"2026-02-23T13:14:18","modified_gmt":"2026-02-23T13:14:18","slug":"ambientador-electrico-ambipur-3-volution-difusor","status":"publish","type":"product","link":"https:\/\/ifoffice.pt\/?product=ambientador-electrico-ambipur-3-volution-difusor","title":{"rendered":"Ambientador electrico ambipur 3 volution difusor"},"content":{"rendered":"<p>Difusor de ambientador el\u00e9trico Ambipur Trivolution com intensidade  regul\u00e1vel. Indicado para incluir a recarga Ambipur de 3 fragr\u00e2ncias. N\u00e3o  inclui recargas.<\/p>\n","protected":false},"excerpt":{"rendered":"<p>Ambientador electrico ambipur 3 volution difusor<\/p>\n","protected":false},"featured_media":119224,"comment_status":"closed","ping_status":"closed","template":"","meta":{"neve_meta_sidebar":"","neve_meta_container":"","neve_meta_enable_content_width":"","neve_meta_content_width":0,"neve_meta_title_alignment":"","neve_meta_author_avatar":"","neve_post_elements_order":"","neve_meta_disable_header":"","neve_meta_disable_footer":"","neve_meta_disable_title":""},"product_brand":[],"product_cat":[1792],"product_tag":[1270],"class_list":{"0":"post-82736","1":"product","2":"type-product","3":"status-publish","4":"has-post-thumbnail","6":"product_cat-produtos-de-limpeza","7":"product_tag-ambientador-electrico","9":"first","10":"outofstock","11":"taxable","12":"shipping-taxable","13":"purchasable","14":"product-type-simple"},"_links":{"self":[{"href":"https:\/\/ifoffice.pt\/index.php?rest_route=\/wp\/v2\/product\/82736","targetHints":{"allow":["GET"]}}],"collection":[{"href":"https:\/\/ifoffice.pt\/index.php?rest_route=\/wp\/v2\/product"}],"about":[{"href":"https:\/\/ifoffice.pt\/index.php?rest_route=\/wp\/v2\/types\/product"}],"replies":[{"embeddable":true,"href":"https:\/\/ifoffice.pt\/index.php?rest_route=%2Fwp%2Fv2%2Fcomments&post=82736"}],"wp:featuredmedia":[{"embeddable":true,"href":"https:\/\/ifoffice.pt\/index.php?rest_route=\/wp\/v2\/media\/119224"}],"wp:attachment":[{"href":"https:\/\/ifoffice.pt\/index.php?rest_route=%2Fwp%2Fv2%2Fmedia&parent=82736"}],"wp:term":[{"taxonomy":"product_brand","embeddable":true,"href":"https:\/\/ifoffice.pt\/index.php?rest_route=%2Fwp%2Fv2%2Fproduct_brand&post=82736"},{"taxonomy":"product_cat","embeddable":true,"href":"https:\/\/ifoffice.pt\/index.php?rest_route=%2Fwp%2Fv2%2Fproduct_cat&post=82736"},{"taxonomy":"product_tag","embeddable":true,"href":"https:\/\/ifoffice.pt\/index.php?rest_route=%2Fwp%2Fv2%2Fproduct_tag&post=82736"}],"curies":[{"name":"wp","href":"https:\/\/api.w.org\/{rel}","templated":true}]}}