{"id":82729,"date":"2021-01-22T20:33:35","date_gmt":"2021-01-22T20:33:35","guid":{"rendered":"https:\/\/ifoffice.pt\/produto\/import-placeholder-for-77453\/"},"modified":"2026-02-23T13:14:17","modified_gmt":"2026-02-23T13:14:17","slug":"compasso-liderpapel-micrometrico-com-adaptador-cor","status":"publish","type":"product","link":"https:\/\/ifoffice.pt\/produto\/compasso-liderpapel-micrometrico-com-adaptador-cor\/","title":{"rendered":"Compasso liderpapel micrometrico com adaptador cor"},"content":{"rendered":"<p>Compasso microm\u00e9trico com alargador. Estojo de minas de 2 mm e adaptador de rosca universal. Articulado nos dois bra\u00e7os. Cores sortidas: azul, rosa, verde e violeta. Comprimento: 17 cm. Circunfer\u00eancia: 32 cm.<\/p>\n","protected":false},"excerpt":{"rendered":"<p>Compasso liderpapel micrometrico com adaptador cor<\/p>\n","protected":false},"featured_media":119218,"comment_status":"closed","ping_status":"closed","template":"","meta":{"neve_meta_sidebar":"","neve_meta_container":"","neve_meta_enable_content_width":"off","neve_meta_content_width":100,"neve_meta_title_alignment":"","neve_meta_author_avatar":"","neve_post_elements_order":"","neve_meta_disable_header":"","neve_meta_disable_footer":"","neve_meta_disable_title":""},"product_brand":[],"product_cat":[1857],"product_tag":[2011],"class_list":{"0":"post-82729","1":"product","2":"type-product","3":"status-publish","4":"has-post-thumbnail","6":"product_cat-compassos","7":"product_tag-articulado","9":"first","10":"instock","11":"taxable","12":"shipping-taxable","13":"purchasable","14":"product-type-simple"},"_links":{"self":[{"href":"https:\/\/ifoffice.pt\/wp-json\/wp\/v2\/product\/82729","targetHints":{"allow":["GET"]}}],"collection":[{"href":"https:\/\/ifoffice.pt\/wp-json\/wp\/v2\/product"}],"about":[{"href":"https:\/\/ifoffice.pt\/wp-json\/wp\/v2\/types\/product"}],"replies":[{"embeddable":true,"href":"https:\/\/ifoffice.pt\/wp-json\/wp\/v2\/comments?post=82729"}],"wp:featuredmedia":[{"embeddable":true,"href":"https:\/\/ifoffice.pt\/wp-json\/wp\/v2\/media\/119218"}],"wp:attachment":[{"href":"https:\/\/ifoffice.pt\/wp-json\/wp\/v2\/media?parent=82729"}],"wp:term":[{"taxonomy":"product_brand","embeddable":true,"href":"https:\/\/ifoffice.pt\/wp-json\/wp\/v2\/product_brand?post=82729"},{"taxonomy":"product_cat","embeddable":true,"href":"https:\/\/ifoffice.pt\/wp-json\/wp\/v2\/product_cat?post=82729"},{"taxonomy":"product_tag","embeddable":true,"href":"https:\/\/ifoffice.pt\/wp-json\/wp\/v2\/product_tag?post=82729"}],"curies":[{"name":"wp","href":"https:\/\/api.w.org\/{rel}","templated":true}]}}