{"id":82607,"date":"2021-01-22T20:32:45","date_gmt":"2021-01-22T20:32:45","guid":{"rendered":"https:\/\/ifoffice.pt\/produto\/import-placeholder-for-77571\/"},"modified":"2026-02-23T13:14:06","modified_gmt":"2026-02-23T13:14:06","slug":"fita-adesiva-plico-iman-20mm-x-1m","status":"publish","type":"product","link":"https:\/\/ifoffice.pt\/?product=fita-adesiva-plico-iman-20mm-x-1m","title":{"rendered":"Fita adesiva plico iman 20mm x 1m"},"content":{"rendered":"<p>Fita magn\u00e9tica adesiva que permite converter em iman qualquer pequeno objeto. Indicada para manualidades que posteriormente se colem em qualquer superf\u00edcie met\u00e1lica ou para fazer a fun\u00e7\u00e3o de fecho magn\u00e9tico. Corta-se facilmente com tesoura. Adesivo resistente. Muito pr\u00e1tico tanto na escola, como no escrit\u00f3rio. Medidas: 1 m x 20 mm. O rolo.<\/p>\n","protected":false},"excerpt":{"rendered":"<p>Fita adesiva plico iman 20mm x 1m<\/p>\n","protected":false},"featured_media":119167,"comment_status":"closed","ping_status":"closed","template":"","meta":{"neve_meta_sidebar":"","neve_meta_container":"","neve_meta_enable_content_width":"off","neve_meta_content_width":0,"neve_meta_title_alignment":"","neve_meta_author_avatar":"","neve_post_elements_order":"","neve_meta_disable_header":"","neve_meta_disable_footer":"","neve_meta_disable_title":""},"product_brand":[],"product_cat":[15],"product_tag":[2122],"class_list":{"0":"post-82607","1":"product","2":"type-product","3":"status-publish","4":"has-post-thumbnail","6":"product_cat-uncategorized","7":"product_tag-imantada","9":"first","10":"instock","11":"taxable","12":"shipping-taxable","13":"purchasable","14":"product-type-simple"},"_links":{"self":[{"href":"https:\/\/ifoffice.pt\/index.php?rest_route=\/wp\/v2\/product\/82607","targetHints":{"allow":["GET"]}}],"collection":[{"href":"https:\/\/ifoffice.pt\/index.php?rest_route=\/wp\/v2\/product"}],"about":[{"href":"https:\/\/ifoffice.pt\/index.php?rest_route=\/wp\/v2\/types\/product"}],"replies":[{"embeddable":true,"href":"https:\/\/ifoffice.pt\/index.php?rest_route=%2Fwp%2Fv2%2Fcomments&post=82607"}],"wp:featuredmedia":[{"embeddable":true,"href":"https:\/\/ifoffice.pt\/index.php?rest_route=\/wp\/v2\/media\/119167"}],"wp:attachment":[{"href":"https:\/\/ifoffice.pt\/index.php?rest_route=%2Fwp%2Fv2%2Fmedia&parent=82607"}],"wp:term":[{"taxonomy":"product_brand","embeddable":true,"href":"https:\/\/ifoffice.pt\/index.php?rest_route=%2Fwp%2Fv2%2Fproduct_brand&post=82607"},{"taxonomy":"product_cat","embeddable":true,"href":"https:\/\/ifoffice.pt\/index.php?rest_route=%2Fwp%2Fv2%2Fproduct_cat&post=82607"},{"taxonomy":"product_tag","embeddable":true,"href":"https:\/\/ifoffice.pt\/index.php?rest_route=%2Fwp%2Fv2%2Fproduct_tag&post=82607"}],"curies":[{"name":"wp","href":"https:\/\/api.w.org\/{rel}","templated":true}]}}