{"id":82604,"date":"2021-01-22T20:32:45","date_gmt":"2021-01-22T20:32:45","guid":{"rendered":"https:\/\/ifoffice.pt\/produto\/import-placeholder-for-77574\/"},"modified":"2026-02-23T13:14:05","modified_gmt":"2026-02-23T13:14:05","slug":"fita-de-fecho-adesiva-plico-velcro-branco-20mm-x-10m","status":"publish","type":"product","link":"https:\/\/ifoffice.pt\/?product=fita-de-fecho-adesiva-plico-velcro-branco-20mm-x-10m","title":{"rendered":"Fita de fecho adesiva plico velcro branco 20mm x 10m"},"content":{"rendered":"<p>Rolo de velcro em fita de grande ades\u00e3o e resist\u00eancia. Muito \u00fatil para manualidades e uso escolar, j\u00e1 que pode ir cortando conforme a necessidade. Cor branca. O rolo.<\/p>\n","protected":false},"excerpt":{"rendered":"<p>Fita de fecho adesiva plico velcro branco 20mm x 10m<\/p>\n","protected":false},"featured_media":119164,"comment_status":"closed","ping_status":"closed","template":"","meta":{"neve_meta_sidebar":"","neve_meta_container":"","neve_meta_enable_content_width":"off","neve_meta_content_width":0,"neve_meta_title_alignment":"","neve_meta_author_avatar":"","neve_post_elements_order":"","neve_meta_disable_header":"","neve_meta_disable_footer":"","neve_meta_disable_title":""},"product_brand":[],"product_cat":[15],"product_tag":[2089],"class_list":{"0":"post-82604","1":"product","2":"type-product","3":"status-publish","4":"has-post-thumbnail","6":"product_cat-uncategorized","7":"product_tag-velcro","9":"first","10":"instock","11":"taxable","12":"shipping-taxable","13":"purchasable","14":"product-type-simple"},"_links":{"self":[{"href":"https:\/\/ifoffice.pt\/index.php?rest_route=\/wp\/v2\/product\/82604","targetHints":{"allow":["GET"]}}],"collection":[{"href":"https:\/\/ifoffice.pt\/index.php?rest_route=\/wp\/v2\/product"}],"about":[{"href":"https:\/\/ifoffice.pt\/index.php?rest_route=\/wp\/v2\/types\/product"}],"replies":[{"embeddable":true,"href":"https:\/\/ifoffice.pt\/index.php?rest_route=%2Fwp%2Fv2%2Fcomments&post=82604"}],"wp:featuredmedia":[{"embeddable":true,"href":"https:\/\/ifoffice.pt\/index.php?rest_route=\/wp\/v2\/media\/119164"}],"wp:attachment":[{"href":"https:\/\/ifoffice.pt\/index.php?rest_route=%2Fwp%2Fv2%2Fmedia&parent=82604"}],"wp:term":[{"taxonomy":"product_brand","embeddable":true,"href":"https:\/\/ifoffice.pt\/index.php?rest_route=%2Fwp%2Fv2%2Fproduct_brand&post=82604"},{"taxonomy":"product_cat","embeddable":true,"href":"https:\/\/ifoffice.pt\/index.php?rest_route=%2Fwp%2Fv2%2Fproduct_cat&post=82604"},{"taxonomy":"product_tag","embeddable":true,"href":"https:\/\/ifoffice.pt\/index.php?rest_route=%2Fwp%2Fv2%2Fproduct_tag&post=82604"}],"curies":[{"name":"wp","href":"https:\/\/api.w.org\/{rel}","templated":true}]}}