{"id":82593,"date":"2021-01-22T20:32:44","date_gmt":"2021-01-22T20:32:44","guid":{"rendered":"https:\/\/ifoffice.pt\/produto\/import-placeholder-for-77647\/"},"modified":"2026-02-23T13:14:03","modified_gmt":"2026-02-23T13:14:03","slug":"agrafador-furador-maped-essentials","status":"publish","type":"product","link":"https:\/\/ifoffice.pt\/?product=agrafador-furador-maped-essentials","title":{"rendered":"Agrafador + furador maped essentials"},"content":{"rendered":"<p>Pr\u00e1tico kit de secret\u00e1ria que inclui: agrafador preto de metal E3543. Com 2 fun\u00e7\u00f5es: agrafado e cravado. Usa agrafes 24\/6 e 26\/6. Furador preto de met\u00e1lico E4024 de 2 furos. Com r\u00e9gua multiformato que permite uma perfura\u00e7\u00e3o r\u00e1pida e precisa. Cor preta. Medidas do agrafador: 32 x 62 x 120 mm. O agrafador.<\/p>\n","protected":false},"excerpt":{"rendered":"<p>Agrafador + furador maped essentials<\/p>\n","protected":false},"featured_media":119155,"comment_status":"closed","ping_status":"closed","template":"","meta":{"neve_meta_sidebar":"","neve_meta_container":"","neve_meta_enable_content_width":"off","neve_meta_content_width":100,"neve_meta_title_alignment":"","neve_meta_author_avatar":"","neve_post_elements_order":"","neve_meta_disable_header":"","neve_meta_disable_footer":"","neve_meta_disable_title":""},"product_brand":[],"product_cat":[1811],"product_tag":[2846],"class_list":{"0":"post-82593","1":"product","2":"type-product","3":"status-publish","4":"has-post-thumbnail","6":"product_cat-agrafadores-de-secretaria","7":"product_tag-agrafadores-de-secretaria-2","9":"first","10":"instock","11":"taxable","12":"shipping-taxable","13":"purchasable","14":"product-type-simple"},"_links":{"self":[{"href":"https:\/\/ifoffice.pt\/index.php?rest_route=\/wp\/v2\/product\/82593","targetHints":{"allow":["GET"]}}],"collection":[{"href":"https:\/\/ifoffice.pt\/index.php?rest_route=\/wp\/v2\/product"}],"about":[{"href":"https:\/\/ifoffice.pt\/index.php?rest_route=\/wp\/v2\/types\/product"}],"replies":[{"embeddable":true,"href":"https:\/\/ifoffice.pt\/index.php?rest_route=%2Fwp%2Fv2%2Fcomments&post=82593"}],"wp:featuredmedia":[{"embeddable":true,"href":"https:\/\/ifoffice.pt\/index.php?rest_route=\/wp\/v2\/media\/119155"}],"wp:attachment":[{"href":"https:\/\/ifoffice.pt\/index.php?rest_route=%2Fwp%2Fv2%2Fmedia&parent=82593"}],"wp:term":[{"taxonomy":"product_brand","embeddable":true,"href":"https:\/\/ifoffice.pt\/index.php?rest_route=%2Fwp%2Fv2%2Fproduct_brand&post=82593"},{"taxonomy":"product_cat","embeddable":true,"href":"https:\/\/ifoffice.pt\/index.php?rest_route=%2Fwp%2Fv2%2Fproduct_cat&post=82593"},{"taxonomy":"product_tag","embeddable":true,"href":"https:\/\/ifoffice.pt\/index.php?rest_route=%2Fwp%2Fv2%2Fproduct_tag&post=82593"}],"curies":[{"name":"wp","href":"https:\/\/api.w.org\/{rel}","templated":true}]}}