{"id":82561,"date":"2021-01-22T20:32:24","date_gmt":"2021-01-22T20:32:24","guid":{"rendered":"https:\/\/ifoffice.pt\/produto\/import-placeholder-for-77653\/"},"modified":"2026-02-23T14:54:35","modified_gmt":"2026-02-23T14:54:35","slug":"recarga-esferografica-bic-de-base-pen-desk-azul","status":"publish","type":"product","link":"https:\/\/ifoffice.pt\/?product=recarga-esferografica-bic-de-base-pen-desk-azul","title":{"rendered":"Recarga esferografica bic de base pen desk azul"},"content":{"rendered":"<p>Recarga para esferogr\u00e1fica BIC de base Pen Desk (c\u00f3d. 71778). Com esfera de carburo de tungsteno de grande dura\u00e7\u00e3o que permite uma escrita mais f\u00e1cil, limpa e uniforme. Tra\u00e7o de 0,4 mm. Cor azul.<\/p>\n","protected":false},"excerpt":{"rendered":"<p>PACK DE 50 UNIDADES<\/p>\n","protected":false},"featured_media":119152,"comment_status":"closed","ping_status":"closed","template":"","meta":{"neve_meta_sidebar":"","neve_meta_container":"","neve_meta_enable_content_width":"off","neve_meta_content_width":0,"neve_meta_title_alignment":"","neve_meta_author_avatar":"","neve_post_elements_order":"","neve_meta_disable_header":"","neve_meta_disable_footer":"","neve_meta_disable_title":""},"product_brand":[],"product_cat":[1752],"product_tag":[791],"class_list":{"0":"post-82561","1":"product","2":"type-product","3":"status-publish","4":"has-post-thumbnail","6":"product_cat-recargas-e-acessorios","7":"product_tag-recarga","9":"first","10":"instock","11":"taxable","12":"shipping-taxable","13":"purchasable","14":"product-type-simple"},"_links":{"self":[{"href":"https:\/\/ifoffice.pt\/index.php?rest_route=\/wp\/v2\/product\/82561","targetHints":{"allow":["GET"]}}],"collection":[{"href":"https:\/\/ifoffice.pt\/index.php?rest_route=\/wp\/v2\/product"}],"about":[{"href":"https:\/\/ifoffice.pt\/index.php?rest_route=\/wp\/v2\/types\/product"}],"replies":[{"embeddable":true,"href":"https:\/\/ifoffice.pt\/index.php?rest_route=%2Fwp%2Fv2%2Fcomments&post=82561"}],"wp:featuredmedia":[{"embeddable":true,"href":"https:\/\/ifoffice.pt\/index.php?rest_route=\/wp\/v2\/media\/119152"}],"wp:attachment":[{"href":"https:\/\/ifoffice.pt\/index.php?rest_route=%2Fwp%2Fv2%2Fmedia&parent=82561"}],"wp:term":[{"taxonomy":"product_brand","embeddable":true,"href":"https:\/\/ifoffice.pt\/index.php?rest_route=%2Fwp%2Fv2%2Fproduct_brand&post=82561"},{"taxonomy":"product_cat","embeddable":true,"href":"https:\/\/ifoffice.pt\/index.php?rest_route=%2Fwp%2Fv2%2Fproduct_cat&post=82561"},{"taxonomy":"product_tag","embeddable":true,"href":"https:\/\/ifoffice.pt\/index.php?rest_route=%2Fwp%2Fv2%2Fproduct_tag&post=82561"}],"curies":[{"name":"wp","href":"https:\/\/api.w.org\/{rel}","templated":true}]}}