{"id":82487,"date":"2021-01-22T20:30:12","date_gmt":"2021-01-22T20:30:12","guid":{"rendered":"https:\/\/ifoffice.pt\/produto\/import-placeholder-for-77746\/"},"modified":"2025-03-12T11:33:49","modified_gmt":"2025-03-12T11:33:49","slug":"flauta-hohner-madeira-alegra-b95850-bolsa-azul","status":"publish","type":"product","link":"https:\/\/ifoffice.pt\/?product=flauta-hohner-madeira-alegra-b95850-bolsa-azul","title":{"rendered":"Flauta hohner madeira alegra b95850 bolsa azul"},"content":{"rendered":"<p>Flauta desmont\u00e1vel em duas pe\u00e7as, especialmente adequada para a forma\u00e7\u00e3o b\u00e1sica musical. Com cabe\u00e7a de pl\u00e1stico testada para reduzir o crescimento de  bact\u00e9rias e corpo de madeira. Espa\u00e7o entre os orif\u00edcios optimizado, ideal para as m\u00e3os das crian\u00e7as. Afina\u00e7\u00e3o altamente est\u00e1vel que faz com que seja mais f\u00e1cil  produzir notas limpas. Estojo de nylon com campo para escrever o nome.<\/p>\n","protected":false},"excerpt":{"rendered":"<p>Flauta hohner madeira alegra b95850 bolsa azul<\/p>\n","protected":false},"featured_media":132533,"comment_status":"closed","ping_status":"closed","template":"","meta":{"neve_meta_sidebar":"","neve_meta_container":"","neve_meta_enable_content_width":"off","neve_meta_content_width":0,"neve_meta_title_alignment":"","neve_meta_author_avatar":"","neve_post_elements_order":"","neve_meta_disable_header":"","neve_meta_disable_footer":"","neve_meta_disable_title":""},"product_brand":[],"product_cat":[2832],"product_tag":[1554],"class_list":{"0":"post-82487","1":"product","2":"type-product","3":"status-publish","4":"has-post-thumbnail","6":"product_cat-instrumentos-musicais","7":"product_tag-flautas","9":"first","10":"outofstock","11":"taxable","12":"shipping-taxable","13":"purchasable","14":"product-type-simple"},"_links":{"self":[{"href":"https:\/\/ifoffice.pt\/index.php?rest_route=\/wp\/v2\/product\/82487","targetHints":{"allow":["GET"]}}],"collection":[{"href":"https:\/\/ifoffice.pt\/index.php?rest_route=\/wp\/v2\/product"}],"about":[{"href":"https:\/\/ifoffice.pt\/index.php?rest_route=\/wp\/v2\/types\/product"}],"replies":[{"embeddable":true,"href":"https:\/\/ifoffice.pt\/index.php?rest_route=%2Fwp%2Fv2%2Fcomments&post=82487"}],"wp:featuredmedia":[{"embeddable":true,"href":"https:\/\/ifoffice.pt\/index.php?rest_route=\/wp\/v2\/media\/132533"}],"wp:attachment":[{"href":"https:\/\/ifoffice.pt\/index.php?rest_route=%2Fwp%2Fv2%2Fmedia&parent=82487"}],"wp:term":[{"taxonomy":"product_brand","embeddable":true,"href":"https:\/\/ifoffice.pt\/index.php?rest_route=%2Fwp%2Fv2%2Fproduct_brand&post=82487"},{"taxonomy":"product_cat","embeddable":true,"href":"https:\/\/ifoffice.pt\/index.php?rest_route=%2Fwp%2Fv2%2Fproduct_cat&post=82487"},{"taxonomy":"product_tag","embeddable":true,"href":"https:\/\/ifoffice.pt\/index.php?rest_route=%2Fwp%2Fv2%2Fproduct_tag&post=82487"}],"curies":[{"name":"wp","href":"https:\/\/api.w.org\/{rel}","templated":true}]}}