{"id":82314,"date":"2021-01-22T20:29:03","date_gmt":"2021-01-22T20:29:03","guid":{"rendered":"https:\/\/ifoffice.pt\/produto\/import-placeholder-for-77910\/"},"modified":"2026-02-23T14:46:28","modified_gmt":"2026-02-23T14:46:28","slug":"cordao-durable-porta-nomes-extensivel-ate-60-cm","status":"publish","type":"product","link":"https:\/\/ifoffice.pt\/?product=cordao-durable-porta-nomes-extensivel-ate-60-cm","title":{"rendered":"Cordao durable porta nomes extensivel ate 60 cm"},"content":{"rendered":"<p>Cord\u00e3o extens\u00edvel \u00fatil com porta nomes com perfura\u00e7\u00e3o para encaixar. Com mola met\u00e1lica na parte posterior, encaixe e fecho de bot\u00e3o. Extens\u00edvel at\u00e9 60 cm.<\/p>\n","protected":false},"excerpt":{"rendered":"<p>PACK DE 10 UNIDADES<\/p>\n","protected":false},"featured_media":119057,"comment_status":"closed","ping_status":"closed","template":"","meta":{"neve_meta_sidebar":"","neve_meta_container":"","neve_meta_enable_content_width":"off","neve_meta_content_width":0,"neve_meta_title_alignment":"","neve_meta_author_avatar":"","neve_post_elements_order":"","neve_meta_disable_header":"","neve_meta_disable_footer":"","neve_meta_disable_title":""},"product_brand":[],"product_cat":[1909],"product_tag":[1430],"class_list":{"0":"post-82314","1":"product","2":"type-product","3":"status-publish","4":"has-post-thumbnail","6":"product_cat-identificadores","7":"product_tag-cordon","9":"first","10":"instock","11":"taxable","12":"shipping-taxable","13":"purchasable","14":"product-type-simple"},"_links":{"self":[{"href":"https:\/\/ifoffice.pt\/index.php?rest_route=\/wp\/v2\/product\/82314","targetHints":{"allow":["GET"]}}],"collection":[{"href":"https:\/\/ifoffice.pt\/index.php?rest_route=\/wp\/v2\/product"}],"about":[{"href":"https:\/\/ifoffice.pt\/index.php?rest_route=\/wp\/v2\/types\/product"}],"replies":[{"embeddable":true,"href":"https:\/\/ifoffice.pt\/index.php?rest_route=%2Fwp%2Fv2%2Fcomments&post=82314"}],"wp:featuredmedia":[{"embeddable":true,"href":"https:\/\/ifoffice.pt\/index.php?rest_route=\/wp\/v2\/media\/119057"}],"wp:attachment":[{"href":"https:\/\/ifoffice.pt\/index.php?rest_route=%2Fwp%2Fv2%2Fmedia&parent=82314"}],"wp:term":[{"taxonomy":"product_brand","embeddable":true,"href":"https:\/\/ifoffice.pt\/index.php?rest_route=%2Fwp%2Fv2%2Fproduct_brand&post=82314"},{"taxonomy":"product_cat","embeddable":true,"href":"https:\/\/ifoffice.pt\/index.php?rest_route=%2Fwp%2Fv2%2Fproduct_cat&post=82314"},{"taxonomy":"product_tag","embeddable":true,"href":"https:\/\/ifoffice.pt\/index.php?rest_route=%2Fwp%2Fv2%2Fproduct_tag&post=82314"}],"curies":[{"name":"wp","href":"https:\/\/api.w.org\/{rel}","templated":true}]}}