{"id":82109,"date":"2021-01-22T20:27:49","date_gmt":"2021-01-22T20:27:49","guid":{"rendered":"https:\/\/ifoffice.pt\/produto\/import-placeholder-for-78154\/"},"modified":"2026-02-23T13:13:25","modified_gmt":"2026-02-23T13:13:25","slug":"fita-adesiva-scotch-magic-33x19-mm-pack-de-9-rolos","status":"publish","type":"product","link":"https:\/\/ifoffice.pt\/?product=fita-adesiva-scotch-magic-33x19-mm-pack-de-9-rolos","title":{"rendered":"Fita adesiva scotch magic 33&#215;19 mm pack de 9 rolos"},"content":{"rendered":"<p>Fita invis\u00edvel em caixa de cart\u00e3o 100% reciclado. Invis\u00edvel depois de aplicada, inclusive ao fotocopiar. Fabricada com recursos de fibra natural e adesivo com base de \u00e1gua. N\u00facleo de pl\u00e1stico reciclado. Medidas: 30 m x 19 mm.  A caixa de 9 rolos.<\/p>\n","protected":false},"excerpt":{"rendered":"<p>Fita adesiva scotch magic 33&#215;19 mm pack de 9 rolos<\/p>\n","protected":false},"featured_media":118965,"comment_status":"closed","ping_status":"closed","template":"","meta":{"neve_meta_sidebar":"","neve_meta_container":"","neve_meta_enable_content_width":"","neve_meta_content_width":0,"neve_meta_title_alignment":"","neve_meta_author_avatar":"","neve_post_elements_order":"","neve_meta_disable_header":"","neve_meta_disable_footer":"","neve_meta_disable_title":""},"product_brand":[],"product_cat":[1800],"product_tag":[1526],"class_list":{"0":"post-82109","1":"product","2":"type-product","3":"status-publish","4":"has-post-thumbnail","6":"product_cat-fitas-adesivas","7":"product_tag-invisivel","9":"first","10":"instock","11":"taxable","12":"shipping-taxable","13":"purchasable","14":"product-type-simple"},"_links":{"self":[{"href":"https:\/\/ifoffice.pt\/index.php?rest_route=\/wp\/v2\/product\/82109","targetHints":{"allow":["GET"]}}],"collection":[{"href":"https:\/\/ifoffice.pt\/index.php?rest_route=\/wp\/v2\/product"}],"about":[{"href":"https:\/\/ifoffice.pt\/index.php?rest_route=\/wp\/v2\/types\/product"}],"replies":[{"embeddable":true,"href":"https:\/\/ifoffice.pt\/index.php?rest_route=%2Fwp%2Fv2%2Fcomments&post=82109"}],"wp:featuredmedia":[{"embeddable":true,"href":"https:\/\/ifoffice.pt\/index.php?rest_route=\/wp\/v2\/media\/118965"}],"wp:attachment":[{"href":"https:\/\/ifoffice.pt\/index.php?rest_route=%2Fwp%2Fv2%2Fmedia&parent=82109"}],"wp:term":[{"taxonomy":"product_brand","embeddable":true,"href":"https:\/\/ifoffice.pt\/index.php?rest_route=%2Fwp%2Fv2%2Fproduct_brand&post=82109"},{"taxonomy":"product_cat","embeddable":true,"href":"https:\/\/ifoffice.pt\/index.php?rest_route=%2Fwp%2Fv2%2Fproduct_cat&post=82109"},{"taxonomy":"product_tag","embeddable":true,"href":"https:\/\/ifoffice.pt\/index.php?rest_route=%2Fwp%2Fv2%2Fproduct_tag&post=82109"}],"curies":[{"name":"wp","href":"https:\/\/api.w.org\/{rel}","templated":true}]}}