{"id":82069,"date":"2021-01-22T20:27:28","date_gmt":"2021-01-22T20:27:28","guid":{"rendered":"https:\/\/ifoffice.pt\/produto\/import-placeholder-for-78168\/"},"modified":"2026-02-23T13:13:23","modified_gmt":"2026-02-23T13:13:23","slug":"apoio-de-pes-q-connect-plastico-ajustavel-448x325x90-mm","status":"publish","type":"product","link":"https:\/\/ifoffice.pt\/?product=apoio-de-pes-q-connect-plastico-ajustavel-448x325x90-mm","title":{"rendered":"Apoio de pes q-connect plastico ajustavel 448x325x90 mm"},"content":{"rendered":"<p>Apoio de p\u00e9s ajust\u00e1vel em altura. Base antideslizante. Superf\u00edcie de efeito massagem que favorece a circula\u00e7\u00e3o nas pernas. \u00c2ngulo: 0-15\u00b0. Medidas: 448 x 325 mm.<\/p>\n","protected":false},"excerpt":{"rendered":"<p>Apoio de pes q-connect plastico ajustavel 448x325x90 mm<\/p>\n","protected":false},"featured_media":118958,"comment_status":"closed","ping_status":"closed","template":"","meta":{"neve_meta_sidebar":"","neve_meta_container":"","neve_meta_enable_content_width":"off","neve_meta_content_width":100,"neve_meta_title_alignment":"","neve_meta_author_avatar":"","neve_post_elements_order":"","neve_meta_disable_header":"","neve_meta_disable_footer":"","neve_meta_disable_title":""},"product_brand":[],"product_cat":[1808],"product_tag":[1190],"class_list":{"0":"post-82069","1":"product","2":"type-product","3":"status-publish","4":"has-post-thumbnail","6":"product_cat-ergonomia","7":"product_tag-apoio-de-pes","9":"first","10":"instock","11":"taxable","12":"shipping-taxable","13":"purchasable","14":"product-type-simple"},"_links":{"self":[{"href":"https:\/\/ifoffice.pt\/index.php?rest_route=\/wp\/v2\/product\/82069","targetHints":{"allow":["GET"]}}],"collection":[{"href":"https:\/\/ifoffice.pt\/index.php?rest_route=\/wp\/v2\/product"}],"about":[{"href":"https:\/\/ifoffice.pt\/index.php?rest_route=\/wp\/v2\/types\/product"}],"replies":[{"embeddable":true,"href":"https:\/\/ifoffice.pt\/index.php?rest_route=%2Fwp%2Fv2%2Fcomments&post=82069"}],"wp:featuredmedia":[{"embeddable":true,"href":"https:\/\/ifoffice.pt\/index.php?rest_route=\/wp\/v2\/media\/118958"}],"wp:attachment":[{"href":"https:\/\/ifoffice.pt\/index.php?rest_route=%2Fwp%2Fv2%2Fmedia&parent=82069"}],"wp:term":[{"taxonomy":"product_brand","embeddable":true,"href":"https:\/\/ifoffice.pt\/index.php?rest_route=%2Fwp%2Fv2%2Fproduct_brand&post=82069"},{"taxonomy":"product_cat","embeddable":true,"href":"https:\/\/ifoffice.pt\/index.php?rest_route=%2Fwp%2Fv2%2Fproduct_cat&post=82069"},{"taxonomy":"product_tag","embeddable":true,"href":"https:\/\/ifoffice.pt\/index.php?rest_route=%2Fwp%2Fv2%2Fproduct_tag&post=82069"}],"curies":[{"name":"wp","href":"https:\/\/api.w.org\/{rel}","templated":true}]}}