{"id":81898,"date":"2021-01-22T20:26:17","date_gmt":"2021-01-22T20:26:17","guid":{"rendered":"https:\/\/ifoffice.pt\/produto\/import-placeholder-for-78322\/"},"modified":"2026-02-23T14:53:46","modified_gmt":"2026-02-23T14:53:46","slug":"identificador-durable-com-clip-giratorio-uso-vertical-horizontal-54x85-mm","status":"publish","type":"product","link":"https:\/\/ifoffice.pt\/?product=identificador-durable-com-clip-giratorio-uso-vertical-horizontal-54x85-mm","title":{"rendered":"Identificador durable com clip giratorio uso vertical\/horizontal 54&#215;85 mm"},"content":{"rendered":"<p>Identificador fabricado em poliestireno de alta qualidade. Com mola girat\u00f3ria para seguran\u00e7a ou identifica\u00e7\u00e3o. Permite uso em vertical ou horizontal. Prende de forma segura que n\u00e3o danifica a banda magn\u00e9tica. Admite uso com cord\u00e3o. Cor transparente. Medidas: 54 x 85 mm.<\/p>\n","protected":false},"excerpt":{"rendered":"<p>PACK DE 25 UNIDADES<\/p>\n","protected":false},"featured_media":118885,"comment_status":"closed","ping_status":"closed","template":"","meta":{"neve_meta_sidebar":"","neve_meta_container":"","neve_meta_enable_content_width":"off","neve_meta_content_width":0,"neve_meta_title_alignment":"","neve_meta_author_avatar":"","neve_post_elements_order":"","neve_meta_disable_header":"","neve_meta_disable_footer":"","neve_meta_disable_title":""},"product_brand":[],"product_cat":[1909],"product_tag":[1340],"class_list":{"0":"post-81898","1":"product","2":"type-product","3":"status-publish","4":"has-post-thumbnail","6":"product_cat-identificadores","7":"product_tag-54-x-85-mm","9":"first","10":"instock","11":"taxable","12":"shipping-taxable","13":"purchasable","14":"product-type-simple"},"_links":{"self":[{"href":"https:\/\/ifoffice.pt\/index.php?rest_route=\/wp\/v2\/product\/81898","targetHints":{"allow":["GET"]}}],"collection":[{"href":"https:\/\/ifoffice.pt\/index.php?rest_route=\/wp\/v2\/product"}],"about":[{"href":"https:\/\/ifoffice.pt\/index.php?rest_route=\/wp\/v2\/types\/product"}],"replies":[{"embeddable":true,"href":"https:\/\/ifoffice.pt\/index.php?rest_route=%2Fwp%2Fv2%2Fcomments&post=81898"}],"wp:featuredmedia":[{"embeddable":true,"href":"https:\/\/ifoffice.pt\/index.php?rest_route=\/wp\/v2\/media\/118885"}],"wp:attachment":[{"href":"https:\/\/ifoffice.pt\/index.php?rest_route=%2Fwp%2Fv2%2Fmedia&parent=81898"}],"wp:term":[{"taxonomy":"product_brand","embeddable":true,"href":"https:\/\/ifoffice.pt\/index.php?rest_route=%2Fwp%2Fv2%2Fproduct_brand&post=81898"},{"taxonomy":"product_cat","embeddable":true,"href":"https:\/\/ifoffice.pt\/index.php?rest_route=%2Fwp%2Fv2%2Fproduct_cat&post=81898"},{"taxonomy":"product_tag","embeddable":true,"href":"https:\/\/ifoffice.pt\/index.php?rest_route=%2Fwp%2Fv2%2Fproduct_tag&post=81898"}],"curies":[{"name":"wp","href":"https:\/\/api.w.org\/{rel}","templated":true}]}}