{"id":81822,"date":"2021-01-22T20:25:51","date_gmt":"2021-01-22T20:25:51","guid":{"rendered":"https:\/\/ifoffice.pt\/produto\/import-placeholder-for-78448\/"},"modified":"2026-02-23T13:13:04","modified_gmt":"2026-02-23T13:13:04","slug":"suporte-kensington-easy-riser-para-portatil-17-304x281x42-cm","status":"publish","type":"product","link":"https:\/\/ifoffice.pt\/?product=suporte-kensington-easy-riser-para-portatil-17-304x281x42-cm","title":{"rendered":"Suporte kensington easy riser para portatil 17&#8243; 30,4&#215;28,1&#215;4,2 cm"},"content":{"rendered":"<p>Eleva o port\u00e1til para permitir a circula\u00e7\u00e3o do ar e melhorar a comodidade. \u00c2ngulo de inclina\u00e7\u00e3o at\u00e9 50 graus. Sistema SmartFit&#8217; para ajustar a altura em dois simples passos. Inser\u00e7\u00f5es almofadadas para dar estabilidade e seguran\u00e7a. Para port\u00e1teis de 12&#8243; a 17&#8243;. Medidas: 295 x 35 x 273 mm. Peso: 0,82 kg.<\/p>\n","protected":false},"excerpt":{"rendered":"<p>Suporte kensington easy riser para portatil 17&#8243; 30,4&#215;28,1&#215;4,2 cm<\/p>\n","protected":false},"featured_media":118851,"comment_status":"closed","ping_status":"closed","template":"","meta":{"neve_meta_sidebar":"","neve_meta_container":"","neve_meta_enable_content_width":"off","neve_meta_content_width":0,"neve_meta_title_alignment":"","neve_meta_author_avatar":"","neve_post_elements_order":"","neve_meta_disable_header":"","neve_meta_disable_footer":"","neve_meta_disable_title":""},"product_brand":[],"product_cat":[1808],"product_tag":[1181],"class_list":{"0":"post-81822","1":"product","2":"type-product","3":"status-publish","4":"has-post-thumbnail","6":"product_cat-ergonomia","7":"product_tag-bracos-e-suportes","9":"first","10":"instock","11":"taxable","12":"shipping-taxable","13":"purchasable","14":"product-type-simple"},"_links":{"self":[{"href":"https:\/\/ifoffice.pt\/index.php?rest_route=\/wp\/v2\/product\/81822","targetHints":{"allow":["GET"]}}],"collection":[{"href":"https:\/\/ifoffice.pt\/index.php?rest_route=\/wp\/v2\/product"}],"about":[{"href":"https:\/\/ifoffice.pt\/index.php?rest_route=\/wp\/v2\/types\/product"}],"replies":[{"embeddable":true,"href":"https:\/\/ifoffice.pt\/index.php?rest_route=%2Fwp%2Fv2%2Fcomments&post=81822"}],"wp:featuredmedia":[{"embeddable":true,"href":"https:\/\/ifoffice.pt\/index.php?rest_route=\/wp\/v2\/media\/118851"}],"wp:attachment":[{"href":"https:\/\/ifoffice.pt\/index.php?rest_route=%2Fwp%2Fv2%2Fmedia&parent=81822"}],"wp:term":[{"taxonomy":"product_brand","embeddable":true,"href":"https:\/\/ifoffice.pt\/index.php?rest_route=%2Fwp%2Fv2%2Fproduct_brand&post=81822"},{"taxonomy":"product_cat","embeddable":true,"href":"https:\/\/ifoffice.pt\/index.php?rest_route=%2Fwp%2Fv2%2Fproduct_cat&post=81822"},{"taxonomy":"product_tag","embeddable":true,"href":"https:\/\/ifoffice.pt\/index.php?rest_route=%2Fwp%2Fv2%2Fproduct_tag&post=81822"}],"curies":[{"name":"wp","href":"https:\/\/api.w.org\/{rel}","templated":true}]}}