{"id":81821,"date":"2021-01-22T20:25:51","date_gmt":"2021-01-22T20:25:51","guid":{"rendered":"https:\/\/ifoffice.pt\/produto\/import-placeholder-for-78449\/"},"modified":"2026-02-23T13:13:03","modified_gmt":"2026-02-23T13:13:03","slug":"rato-kensington-optico-800-dpi-receptor-usb-preto","status":"publish","type":"product","link":"https:\/\/ifoffice.pt\/?product=rato-kensington-optico-800-dpi-receptor-usb-preto","title":{"rendered":"Rato kensington optico 800 dpi receptor usb preto"},"content":{"rendered":"<p>Rato \u00f3tico com design ambidestro e ergon\u00f3mico. Bot\u00e3o scroll que agiliza a revis\u00e3o de documentos. Sensor \u00f3tico de de 800 dpi. Compat\u00edvel com PC e Mac\u00ae. Funciona com portas USB.<\/p>\n","protected":false},"excerpt":{"rendered":"<p>Rato kensington optico 800 dpi receptor usb preto<\/p>\n","protected":false},"featured_media":118850,"comment_status":"closed","ping_status":"closed","template":"","meta":{"neve_meta_sidebar":"","neve_meta_container":"","neve_meta_enable_content_width":"off","neve_meta_content_width":70,"neve_meta_title_alignment":"","neve_meta_author_avatar":"","neve_post_elements_order":"","neve_meta_disable_header":"","neve_meta_disable_footer":"","neve_meta_disable_title":""},"product_brand":[],"product_cat":[1918],"product_tag":[1335],"class_list":{"0":"post-81821","1":"product","2":"type-product","3":"status-publish","4":"has-post-thumbnail","6":"product_cat-teclados-ratos","7":"product_tag-ratos","9":"first","10":"instock","11":"sale","12":"taxable","13":"shipping-taxable","14":"purchasable","15":"product-type-simple"},"_links":{"self":[{"href":"https:\/\/ifoffice.pt\/index.php?rest_route=\/wp\/v2\/product\/81821","targetHints":{"allow":["GET"]}}],"collection":[{"href":"https:\/\/ifoffice.pt\/index.php?rest_route=\/wp\/v2\/product"}],"about":[{"href":"https:\/\/ifoffice.pt\/index.php?rest_route=\/wp\/v2\/types\/product"}],"replies":[{"embeddable":true,"href":"https:\/\/ifoffice.pt\/index.php?rest_route=%2Fwp%2Fv2%2Fcomments&post=81821"}],"wp:featuredmedia":[{"embeddable":true,"href":"https:\/\/ifoffice.pt\/index.php?rest_route=\/wp\/v2\/media\/118850"}],"wp:attachment":[{"href":"https:\/\/ifoffice.pt\/index.php?rest_route=%2Fwp%2Fv2%2Fmedia&parent=81821"}],"wp:term":[{"taxonomy":"product_brand","embeddable":true,"href":"https:\/\/ifoffice.pt\/index.php?rest_route=%2Fwp%2Fv2%2Fproduct_brand&post=81821"},{"taxonomy":"product_cat","embeddable":true,"href":"https:\/\/ifoffice.pt\/index.php?rest_route=%2Fwp%2Fv2%2Fproduct_cat&post=81821"},{"taxonomy":"product_tag","embeddable":true,"href":"https:\/\/ifoffice.pt\/index.php?rest_route=%2Fwp%2Fv2%2Fproduct_tag&post=81821"}],"curies":[{"name":"wp","href":"https:\/\/api.w.org\/{rel}","templated":true}]}}