{"id":81709,"date":"2021-01-22T20:25:05","date_gmt":"2021-01-22T20:25:05","guid":{"rendered":"https:\/\/ifoffice.pt\/produto\/import-placeholder-for-78546\/"},"modified":"2026-02-23T13:12:56","modified_gmt":"2026-02-23T13:12:56","slug":"amoniaco-lavandera-garrafa-de-15-l","status":"publish","type":"product","link":"https:\/\/ifoffice.pt\/?product=amoniaco-lavandera-garrafa-de-15-l","title":{"rendered":"Amoniaco lavandera garrafa de 1,5 l"},"content":{"rendered":"<p>Grande poder de limpeza e com m\u00faltiplas  aplica\u00e7\u00f5es. Garrafa de 1,5 litros.<\/p>\n","protected":false},"excerpt":{"rendered":"<p>Amoniaco lavandera garrafa de 1,5 l<\/p>\n","protected":false},"featured_media":118812,"comment_status":"closed","ping_status":"closed","template":"","meta":{"neve_meta_sidebar":"","neve_meta_container":"","neve_meta_enable_content_width":"","neve_meta_content_width":0,"neve_meta_title_alignment":"","neve_meta_author_avatar":"","neve_post_elements_order":"","neve_meta_disable_header":"","neve_meta_disable_footer":"","neve_meta_disable_title":""},"product_brand":[],"product_cat":[1792],"product_tag":[2055],"class_list":{"0":"post-81709","1":"product","2":"type-product","3":"status-publish","4":"has-post-thumbnail","6":"product_cat-produtos-de-limpeza","7":"product_tag-amoniaco","9":"first","10":"instock","11":"taxable","12":"shipping-taxable","13":"purchasable","14":"product-type-simple"},"_links":{"self":[{"href":"https:\/\/ifoffice.pt\/index.php?rest_route=\/wp\/v2\/product\/81709","targetHints":{"allow":["GET"]}}],"collection":[{"href":"https:\/\/ifoffice.pt\/index.php?rest_route=\/wp\/v2\/product"}],"about":[{"href":"https:\/\/ifoffice.pt\/index.php?rest_route=\/wp\/v2\/types\/product"}],"replies":[{"embeddable":true,"href":"https:\/\/ifoffice.pt\/index.php?rest_route=%2Fwp%2Fv2%2Fcomments&post=81709"}],"wp:featuredmedia":[{"embeddable":true,"href":"https:\/\/ifoffice.pt\/index.php?rest_route=\/wp\/v2\/media\/118812"}],"wp:attachment":[{"href":"https:\/\/ifoffice.pt\/index.php?rest_route=%2Fwp%2Fv2%2Fmedia&parent=81709"}],"wp:term":[{"taxonomy":"product_brand","embeddable":true,"href":"https:\/\/ifoffice.pt\/index.php?rest_route=%2Fwp%2Fv2%2Fproduct_brand&post=81709"},{"taxonomy":"product_cat","embeddable":true,"href":"https:\/\/ifoffice.pt\/index.php?rest_route=%2Fwp%2Fv2%2Fproduct_cat&post=81709"},{"taxonomy":"product_tag","embeddable":true,"href":"https:\/\/ifoffice.pt\/index.php?rest_route=%2Fwp%2Fv2%2Fproduct_tag&post=81709"}],"curies":[{"name":"wp","href":"https:\/\/api.w.org\/{rel}","templated":true}]}}