{"id":81635,"date":"2021-01-22T20:24:40","date_gmt":"2021-01-22T20:24:40","guid":{"rendered":"https:\/\/ifoffice.pt\/produto\/import-placeholder-for-78608\/"},"modified":"2026-02-23T13:12:51","modified_gmt":"2026-02-23T13:12:51","slug":"pasta-de-elasticos-clairefontaine-din-a2-em-kraft-castanho","status":"publish","type":"product","link":"https:\/\/ifoffice.pt\/?product=pasta-de-elasticos-clairefontaine-din-a2-em-kraft-castanho","title":{"rendered":"Pasta de elasticos clairefontaine din a2 em kraft castanho"},"content":{"rendered":"<p>Pasta fabricada em cart\u00e3o kraft verg\u00ea envernizado. Com lombada de tela extens\u00edvel at\u00e9 30 mm. Adequada para desenho. Fecho com el\u00e1sticos. Cor natural kraft castanho.<\/p>\n","protected":false},"excerpt":{"rendered":"<p>Pasta de elasticos clairefontaine din a2 em kraft castanho<\/p>\n","protected":false},"featured_media":132700,"comment_status":"closed","ping_status":"closed","template":"","meta":{"neve_meta_sidebar":"","neve_meta_container":"","neve_meta_enable_content_width":"","neve_meta_content_width":0,"neve_meta_title_alignment":"","neve_meta_author_avatar":"","neve_post_elements_order":"","neve_meta_disable_header":"","neve_meta_disable_footer":"","neve_meta_disable_title":""},"product_brand":[],"product_cat":[1880],"product_tag":[1428],"class_list":{"0":"post-81635","1":"product","2":"type-product","3":"status-publish","4":"has-post-thumbnail","6":"product_cat-capas-de-elasticos","7":"product_tag-simples","9":"first","10":"instock","11":"taxable","12":"shipping-taxable","13":"purchasable","14":"product-type-simple"},"_links":{"self":[{"href":"https:\/\/ifoffice.pt\/index.php?rest_route=\/wp\/v2\/product\/81635","targetHints":{"allow":["GET"]}}],"collection":[{"href":"https:\/\/ifoffice.pt\/index.php?rest_route=\/wp\/v2\/product"}],"about":[{"href":"https:\/\/ifoffice.pt\/index.php?rest_route=\/wp\/v2\/types\/product"}],"replies":[{"embeddable":true,"href":"https:\/\/ifoffice.pt\/index.php?rest_route=%2Fwp%2Fv2%2Fcomments&post=81635"}],"wp:featuredmedia":[{"embeddable":true,"href":"https:\/\/ifoffice.pt\/index.php?rest_route=\/wp\/v2\/media\/132700"}],"wp:attachment":[{"href":"https:\/\/ifoffice.pt\/index.php?rest_route=%2Fwp%2Fv2%2Fmedia&parent=81635"}],"wp:term":[{"taxonomy":"product_brand","embeddable":true,"href":"https:\/\/ifoffice.pt\/index.php?rest_route=%2Fwp%2Fv2%2Fproduct_brand&post=81635"},{"taxonomy":"product_cat","embeddable":true,"href":"https:\/\/ifoffice.pt\/index.php?rest_route=%2Fwp%2Fv2%2Fproduct_cat&post=81635"},{"taxonomy":"product_tag","embeddable":true,"href":"https:\/\/ifoffice.pt\/index.php?rest_route=%2Fwp%2Fv2%2Fproduct_tag&post=81635"}],"curies":[{"name":"wp","href":"https:\/\/api.w.org\/{rel}","templated":true}]}}