{"id":81570,"date":"2021-01-22T20:24:17","date_gmt":"2021-01-22T20:24:17","guid":{"rendered":"https:\/\/ifoffice.pt\/produto\/import-placeholder-for-78842\/"},"modified":"2026-02-23T13:12:44","modified_gmt":"2026-02-23T13:12:44","slug":"rato-kensington-sem-fios-profit-para-portateis","status":"publish","type":"product","link":"https:\/\/ifoffice.pt\/?product=rato-kensington-sem-fios-profit-para-portateis","title":{"rendered":"Rato kensington sem fios profit para portateis"},"content":{"rendered":"<p>Tamanho compacto ideal para uso em port\u00e1teis e viagens, como para secret\u00e1ria. Sem fios: tecnologia de 2,4 Ghz que reduz o risco de interfer\u00eancias. Nano recetor sem fios USB que se guarda dentro do rato. Sensor laser de alta defini\u00e7\u00e3o. Funcionamento Pair &#038; Play fi\u00e1vel com conex\u00e3o USB. Bot\u00e3o scroll. Design ambidiestro para usuarios esquerdinos e destros. Cabo USB de 150 cm que permite o funcionamento fi\u00e1vel sem bateria. Compat\u00edvel com PC e Mac\u00ae. Funciona com 1 pilha AA (incluida).<\/p>\n","protected":false},"excerpt":{"rendered":"<p>Rato kensington sem fios profit para portateis<\/p>\n","protected":false},"featured_media":132773,"comment_status":"closed","ping_status":"closed","template":"","meta":{"neve_meta_sidebar":"","neve_meta_container":"","neve_meta_enable_content_width":"off","neve_meta_content_width":70,"neve_meta_title_alignment":"","neve_meta_author_avatar":"","neve_post_elements_order":"","neve_meta_disable_header":"","neve_meta_disable_footer":"","neve_meta_disable_title":""},"product_brand":[],"product_cat":[1918],"product_tag":[1335],"class_list":{"0":"post-81570","1":"product","2":"type-product","3":"status-publish","4":"has-post-thumbnail","6":"product_cat-teclados-ratos","7":"product_tag-ratos","9":"first","10":"instock","11":"sale","12":"taxable","13":"shipping-taxable","14":"purchasable","15":"product-type-simple"},"_links":{"self":[{"href":"https:\/\/ifoffice.pt\/index.php?rest_route=\/wp\/v2\/product\/81570","targetHints":{"allow":["GET"]}}],"collection":[{"href":"https:\/\/ifoffice.pt\/index.php?rest_route=\/wp\/v2\/product"}],"about":[{"href":"https:\/\/ifoffice.pt\/index.php?rest_route=\/wp\/v2\/types\/product"}],"replies":[{"embeddable":true,"href":"https:\/\/ifoffice.pt\/index.php?rest_route=%2Fwp%2Fv2%2Fcomments&post=81570"}],"wp:featuredmedia":[{"embeddable":true,"href":"https:\/\/ifoffice.pt\/index.php?rest_route=\/wp\/v2\/media\/132773"}],"wp:attachment":[{"href":"https:\/\/ifoffice.pt\/index.php?rest_route=%2Fwp%2Fv2%2Fmedia&parent=81570"}],"wp:term":[{"taxonomy":"product_brand","embeddable":true,"href":"https:\/\/ifoffice.pt\/index.php?rest_route=%2Fwp%2Fv2%2Fproduct_brand&post=81570"},{"taxonomy":"product_cat","embeddable":true,"href":"https:\/\/ifoffice.pt\/index.php?rest_route=%2Fwp%2Fv2%2Fproduct_cat&post=81570"},{"taxonomy":"product_tag","embeddable":true,"href":"https:\/\/ifoffice.pt\/index.php?rest_route=%2Fwp%2Fv2%2Fproduct_tag&post=81570"}],"curies":[{"name":"wp","href":"https:\/\/api.w.org\/{rel}","templated":true}]}}