{"id":81381,"date":"2021-01-22T20:21:00","date_gmt":"2021-01-22T20:21:00","guid":{"rendered":"https:\/\/ifoffice.pt\/produto\/import-placeholder-for-79359\/"},"modified":"2026-02-23T13:12:31","modified_gmt":"2026-02-23T13:12:31","slug":"disco-duro-q-connect-3-externo-1tb-usb-3-0","status":"publish","type":"product","link":"https:\/\/ifoffice.pt\/?product=disco-duro-q-connect-3-externo-1tb-usb-3-0","title":{"rendered":"Disco duro q-connect 3 &#8221; externo 1tb usb 3.0"},"content":{"rendered":"<p>Disco r\u00edgido port\u00e1til com um design moderno e compacto, indicado para armazenar dados de uma forma simples e segura. Transfer\u00eancia de arquivos mediante USB 3.0. Compat\u00edvel com Windows, Mac e Linux. Cor branco. Com capacidade 1Tb. Medidas: 122 x 76 x 13 mm. Peso: 200 g.<\/p>\n","protected":false},"excerpt":{"rendered":"<p>Disco duro q-connect 3 &#8221; externo 1tb usb 3.0<\/p>\n","protected":false},"featured_media":118685,"comment_status":"closed","ping_status":"closed","template":"","meta":{"neve_meta_sidebar":"","neve_meta_container":"","neve_meta_enable_content_width":"","neve_meta_content_width":0,"neve_meta_title_alignment":"","neve_meta_author_avatar":"","neve_post_elements_order":"","neve_meta_disable_header":"","neve_meta_disable_footer":"","neve_meta_disable_title":""},"product_brand":[],"product_cat":[2831],"product_tag":[928],"class_list":{"0":"post-81381","1":"product","2":"type-product","3":"status-publish","4":"has-post-thumbnail","6":"product_cat-memorias-usbsddiscos-duros","7":"product_tag-discos-duros","9":"first","10":"instock","11":"taxable","12":"shipping-taxable","13":"purchasable","14":"product-type-simple"},"_links":{"self":[{"href":"https:\/\/ifoffice.pt\/index.php?rest_route=\/wp\/v2\/product\/81381","targetHints":{"allow":["GET"]}}],"collection":[{"href":"https:\/\/ifoffice.pt\/index.php?rest_route=\/wp\/v2\/product"}],"about":[{"href":"https:\/\/ifoffice.pt\/index.php?rest_route=\/wp\/v2\/types\/product"}],"replies":[{"embeddable":true,"href":"https:\/\/ifoffice.pt\/index.php?rest_route=%2Fwp%2Fv2%2Fcomments&post=81381"}],"wp:featuredmedia":[{"embeddable":true,"href":"https:\/\/ifoffice.pt\/index.php?rest_route=\/wp\/v2\/media\/118685"}],"wp:attachment":[{"href":"https:\/\/ifoffice.pt\/index.php?rest_route=%2Fwp%2Fv2%2Fmedia&parent=81381"}],"wp:term":[{"taxonomy":"product_brand","embeddable":true,"href":"https:\/\/ifoffice.pt\/index.php?rest_route=%2Fwp%2Fv2%2Fproduct_brand&post=81381"},{"taxonomy":"product_cat","embeddable":true,"href":"https:\/\/ifoffice.pt\/index.php?rest_route=%2Fwp%2Fv2%2Fproduct_cat&post=81381"},{"taxonomy":"product_tag","embeddable":true,"href":"https:\/\/ifoffice.pt\/index.php?rest_route=%2Fwp%2Fv2%2Fproduct_tag&post=81381"}],"curies":[{"name":"wp","href":"https:\/\/api.w.org\/{rel}","templated":true}]}}