{"id":80962,"date":"2021-01-22T20:18:10","date_gmt":"2021-01-22T20:18:10","guid":{"rendered":"https:\/\/ifoffice.pt\/produto\/import-placeholder-for-79854\/"},"modified":"2026-02-23T14:53:42","modified_gmt":"2026-02-23T14:53:42","slug":"cartolina-guarro-50x65-cm-185-gr-verde-safari","status":"publish","type":"product","link":"https:\/\/ifoffice.pt\/?product=cartolina-guarro-50x65-cm-185-gr-verde-safari","title":{"rendered":"Cartolina guarro 50&#215;65 cm 185 gr verde safari"},"content":{"rendered":"<p>Cartolina de cor, ligeiramente acetinada e colorida em pasta de pigmentos s\u00f3lidos \u00e0 luz. Caracteriza-se pela dureza e regularidade da sua superf\u00edcie.  Para desenho e trabalhos manuais.<\/p>\n","protected":false},"excerpt":{"rendered":"<p>PACK DE 25 UNIDADES<\/p>\n","protected":false},"featured_media":118496,"comment_status":"closed","ping_status":"closed","template":"","meta":{"neve_meta_sidebar":"","neve_meta_container":"","neve_meta_enable_content_width":"off","neve_meta_content_width":0,"neve_meta_title_alignment":"","neve_meta_author_avatar":"","neve_post_elements_order":"","neve_meta_disable_header":"","neve_meta_disable_footer":"","neve_meta_disable_title":""},"product_brand":[],"product_cat":[1903],"product_tag":[1539],"class_list":{"0":"post-80962","1":"product","2":"type-product","3":"status-publish","4":"has-post-thumbnail","6":"product_cat-cartolinas","7":"product_tag-cartolina","9":"first","10":"instock","11":"taxable","12":"shipping-taxable","13":"purchasable","14":"product-type-simple"},"_links":{"self":[{"href":"https:\/\/ifoffice.pt\/index.php?rest_route=\/wp\/v2\/product\/80962","targetHints":{"allow":["GET"]}}],"collection":[{"href":"https:\/\/ifoffice.pt\/index.php?rest_route=\/wp\/v2\/product"}],"about":[{"href":"https:\/\/ifoffice.pt\/index.php?rest_route=\/wp\/v2\/types\/product"}],"replies":[{"embeddable":true,"href":"https:\/\/ifoffice.pt\/index.php?rest_route=%2Fwp%2Fv2%2Fcomments&post=80962"}],"wp:featuredmedia":[{"embeddable":true,"href":"https:\/\/ifoffice.pt\/index.php?rest_route=\/wp\/v2\/media\/118496"}],"wp:attachment":[{"href":"https:\/\/ifoffice.pt\/index.php?rest_route=%2Fwp%2Fv2%2Fmedia&parent=80962"}],"wp:term":[{"taxonomy":"product_brand","embeddable":true,"href":"https:\/\/ifoffice.pt\/index.php?rest_route=%2Fwp%2Fv2%2Fproduct_brand&post=80962"},{"taxonomy":"product_cat","embeddable":true,"href":"https:\/\/ifoffice.pt\/index.php?rest_route=%2Fwp%2Fv2%2Fproduct_cat&post=80962"},{"taxonomy":"product_tag","embeddable":true,"href":"https:\/\/ifoffice.pt\/index.php?rest_route=%2Fwp%2Fv2%2Fproduct_tag&post=80962"}],"curies":[{"name":"wp","href":"https:\/\/api.w.org\/{rel}","templated":true}]}}