{"id":80906,"date":"2021-01-22T20:17:47","date_gmt":"2021-01-22T20:17:47","guid":{"rendered":"https:\/\/ifoffice.pt\/produto\/import-placeholder-for-79958\/"},"modified":"2026-02-23T13:11:49","modified_gmt":"2026-02-23T13:11:49","slug":"papel-de-aluminio-cellofix-30-cm-x-300-m-rolo","status":"publish","type":"product","link":"https:\/\/ifoffice.pt\/?product=papel-de-aluminio-cellofix-30-cm-x-300-m-rolo","title":{"rendered":"Papel de aluminio cellofix 30 cm x 300 m rolo"},"content":{"rendered":"<p>Rolo de papel de alum\u00ednio para proteger os alimentos  e conserv\u00e1-los no frigor\u00edfico ou congelador e para  cozinhar no forno. Evita a mistura de odores e garante  a higiene. Medidas: 30 cm de largura x 300 m de  comprimento.<\/p>\n","protected":false},"excerpt":{"rendered":"<p>Papel de aluminio cellofix 30 cm x 300 m rolo<\/p>\n","protected":false},"featured_media":118477,"comment_status":"closed","ping_status":"closed","template":"","meta":{"neve_meta_sidebar":"","neve_meta_container":"","neve_meta_enable_content_width":"off","neve_meta_content_width":0,"neve_meta_title_alignment":"","neve_meta_author_avatar":"","neve_post_elements_order":"","neve_meta_disable_header":"","neve_meta_disable_footer":"","neve_meta_disable_title":""},"product_brand":[],"product_cat":[15],"product_tag":[2645,2019],"class_list":{"0":"post-80906","1":"product","2":"type-product","3":"status-publish","4":"has-post-thumbnail","6":"product_cat-uncategorized","7":"product_tag-cozinha","8":"product_tag-papel-aluminio","10":"first","11":"instock","12":"taxable","13":"shipping-taxable","14":"purchasable","15":"product-type-simple"},"_links":{"self":[{"href":"https:\/\/ifoffice.pt\/index.php?rest_route=\/wp\/v2\/product\/80906","targetHints":{"allow":["GET"]}}],"collection":[{"href":"https:\/\/ifoffice.pt\/index.php?rest_route=\/wp\/v2\/product"}],"about":[{"href":"https:\/\/ifoffice.pt\/index.php?rest_route=\/wp\/v2\/types\/product"}],"replies":[{"embeddable":true,"href":"https:\/\/ifoffice.pt\/index.php?rest_route=%2Fwp%2Fv2%2Fcomments&post=80906"}],"wp:featuredmedia":[{"embeddable":true,"href":"https:\/\/ifoffice.pt\/index.php?rest_route=\/wp\/v2\/media\/118477"}],"wp:attachment":[{"href":"https:\/\/ifoffice.pt\/index.php?rest_route=%2Fwp%2Fv2%2Fmedia&parent=80906"}],"wp:term":[{"taxonomy":"product_brand","embeddable":true,"href":"https:\/\/ifoffice.pt\/index.php?rest_route=%2Fwp%2Fv2%2Fproduct_brand&post=80906"},{"taxonomy":"product_cat","embeddable":true,"href":"https:\/\/ifoffice.pt\/index.php?rest_route=%2Fwp%2Fv2%2Fproduct_cat&post=80906"},{"taxonomy":"product_tag","embeddable":true,"href":"https:\/\/ifoffice.pt\/index.php?rest_route=%2Fwp%2Fv2%2Fproduct_tag&post=80906"}],"curies":[{"name":"wp","href":"https:\/\/api.w.org\/{rel}","templated":true}]}}