{"id":80736,"date":"2021-01-22T20:16:39","date_gmt":"2021-01-22T20:16:39","guid":{"rendered":"https:\/\/ifoffice.pt\/produto\/import-placeholder-for-90214\/"},"modified":"2025-03-12T11:31:04","modified_gmt":"2025-03-12T11:31:04","slug":"aguarelas-pelikan-estojo-de-12-cores-com-pincel","status":"publish","type":"product","link":"https:\/\/ifoffice.pt\/?product=aguarelas-pelikan-estojo-de-12-cores-com-pincel","title":{"rendered":"Aguarelas pelikan estojo de 12 cores com pincel"},"content":{"rendered":"<p>Elevado rendimento e cores intensas. Conforme  norma DIN 5023. N\u00e3o t\u00f3xico. Pigmentos  resistentes \u00e0 luz. Boa ader\u00eancia. Incluem pincel  de madeira natural.<\/p>\n","protected":false},"excerpt":{"rendered":"<p>Aguarelas pelikan estojo de 12 cores com pincel<\/p>\n","protected":false},"featured_media":118408,"comment_status":"closed","ping_status":"closed","template":"","meta":{"neve_meta_sidebar":"","neve_meta_container":"","neve_meta_enable_content_width":"off","neve_meta_content_width":0,"neve_meta_title_alignment":"","neve_meta_author_avatar":"","neve_post_elements_order":"","neve_meta_disable_header":"","neve_meta_disable_footer":"","neve_meta_disable_title":""},"product_brand":[],"product_cat":[1950],"product_tag":[1296],"class_list":{"0":"post-80736","1":"product","2":"type-product","3":"status-publish","4":"has-post-thumbnail","6":"product_cat-aguarelas-e-lapis-de-aguarelas","7":"product_tag-aguarela","9":"first","10":"outofstock","11":"taxable","12":"shipping-taxable","13":"purchasable","14":"product-type-simple"},"_links":{"self":[{"href":"https:\/\/ifoffice.pt\/index.php?rest_route=\/wp\/v2\/product\/80736","targetHints":{"allow":["GET"]}}],"collection":[{"href":"https:\/\/ifoffice.pt\/index.php?rest_route=\/wp\/v2\/product"}],"about":[{"href":"https:\/\/ifoffice.pt\/index.php?rest_route=\/wp\/v2\/types\/product"}],"replies":[{"embeddable":true,"href":"https:\/\/ifoffice.pt\/index.php?rest_route=%2Fwp%2Fv2%2Fcomments&post=80736"}],"wp:featuredmedia":[{"embeddable":true,"href":"https:\/\/ifoffice.pt\/index.php?rest_route=\/wp\/v2\/media\/118408"}],"wp:attachment":[{"href":"https:\/\/ifoffice.pt\/index.php?rest_route=%2Fwp%2Fv2%2Fmedia&parent=80736"}],"wp:term":[{"taxonomy":"product_brand","embeddable":true,"href":"https:\/\/ifoffice.pt\/index.php?rest_route=%2Fwp%2Fv2%2Fproduct_brand&post=80736"},{"taxonomy":"product_cat","embeddable":true,"href":"https:\/\/ifoffice.pt\/index.php?rest_route=%2Fwp%2Fv2%2Fproduct_cat&post=80736"},{"taxonomy":"product_tag","embeddable":true,"href":"https:\/\/ifoffice.pt\/index.php?rest_route=%2Fwp%2Fv2%2Fproduct_tag&post=80736"}],"curies":[{"name":"wp","href":"https:\/\/api.w.org\/{rel}","templated":true}]}}