{"id":80666,"date":"2021-01-22T20:16:14","date_gmt":"2021-01-22T20:16:14","guid":{"rendered":"https:\/\/ifoffice.pt\/produto\/import-placeholder-for-90398\/"},"modified":"2025-03-12T11:30:58","modified_gmt":"2025-03-12T11:30:58","slug":"cartucho-pelikan-gtp-5-preto","status":"publish","type":"product","link":"https:\/\/ifoffice.pt\/?product=cartucho-pelikan-gtp-5-preto","title":{"rendered":"Cartucho pelikan gtp\/5 preto"},"content":{"rendered":"<p>As tintas 4001 de Pelikan formam parte do seleto grupo de produtos que demonstraram a sua qualidade desde v\u00e1rias d\u00e9cadas Mencionadas pela primeira vez num documento de 1897, continuam a ser um produto importante para todos os amantes de Pelikan no mundo. Gra\u00e7as \u00e0 sua refinada f\u00f3rmula a reconhecida qualidade da tinta 4001 est\u00e1 permanentemente garantida. Caixa de 5 cartuchos. Fac\u00e9is de inserir com uma leve press\u00e3o.<\/p>\n","protected":false},"excerpt":{"rendered":"<p>Cartucho pelikan gtp\/5 preto<\/p>\n","protected":false},"featured_media":118391,"comment_status":"closed","ping_status":"closed","template":"","meta":{"neve_meta_sidebar":"","neve_meta_container":"","neve_meta_enable_content_width":"","neve_meta_content_width":0,"neve_meta_title_alignment":"","neve_meta_author_avatar":"","neve_post_elements_order":"","neve_meta_disable_header":"","neve_meta_disable_footer":"","neve_meta_disable_title":""},"product_brand":[],"product_cat":[1752],"product_tag":[791],"class_list":{"0":"post-80666","1":"product","2":"type-product","3":"status-publish","4":"has-post-thumbnail","6":"product_cat-recargas-e-acessorios","7":"product_tag-recarga","9":"first","10":"outofstock","11":"taxable","12":"shipping-taxable","13":"purchasable","14":"product-type-simple"},"_links":{"self":[{"href":"https:\/\/ifoffice.pt\/index.php?rest_route=\/wp\/v2\/product\/80666","targetHints":{"allow":["GET"]}}],"collection":[{"href":"https:\/\/ifoffice.pt\/index.php?rest_route=\/wp\/v2\/product"}],"about":[{"href":"https:\/\/ifoffice.pt\/index.php?rest_route=\/wp\/v2\/types\/product"}],"replies":[{"embeddable":true,"href":"https:\/\/ifoffice.pt\/index.php?rest_route=%2Fwp%2Fv2%2Fcomments&post=80666"}],"wp:featuredmedia":[{"embeddable":true,"href":"https:\/\/ifoffice.pt\/index.php?rest_route=\/wp\/v2\/media\/118391"}],"wp:attachment":[{"href":"https:\/\/ifoffice.pt\/index.php?rest_route=%2Fwp%2Fv2%2Fmedia&parent=80666"}],"wp:term":[{"taxonomy":"product_brand","embeddable":true,"href":"https:\/\/ifoffice.pt\/index.php?rest_route=%2Fwp%2Fv2%2Fproduct_brand&post=80666"},{"taxonomy":"product_cat","embeddable":true,"href":"https:\/\/ifoffice.pt\/index.php?rest_route=%2Fwp%2Fv2%2Fproduct_cat&post=80666"},{"taxonomy":"product_tag","embeddable":true,"href":"https:\/\/ifoffice.pt\/index.php?rest_route=%2Fwp%2Fv2%2Fproduct_tag&post=80666"}],"curies":[{"name":"wp","href":"https:\/\/api.w.org\/{rel}","templated":true}]}}