{"id":80623,"date":"2021-01-22T20:15:54","date_gmt":"2021-01-22T20:15:54","guid":{"rendered":"https:\/\/ifoffice.pt\/produto\/import-placeholder-for-90448\/"},"modified":"2025-03-12T14:53:40","modified_gmt":"2025-03-12T14:53:40","slug":"tinteiro-edelstein-pelikan-topaz","status":"publish","type":"product","link":"https:\/\/ifoffice.pt\/?product=tinteiro-edelstein-pelikan-topaz","title":{"rendered":"Tinteiro edelstein pelikan topaz"},"content":{"rendered":"<p>Com a s\u00e9rie Edelstein, Pelikan da vida a uma nova gera\u00e7\u00e3o no mundo das tintas. A palavra alem\u00e3 Edelstein, traduz-se como pedra preciosa e da nome a uma cole\u00e7\u00e3o \u00fanica de oito brilhantes cores. Um ingrediente especial garante uma escrita extra suave, assim como cuida da caneta. Al\u00e9m do mais, as suaves curvas do seu exclusivo frasco de vidro, brindam-lhe com um prazer especial ao tato. Frascos de 50 ml.<\/p>\n","protected":false},"excerpt":{"rendered":"<p>Tinteiro edelstein pelikan topaz<\/p>\n","protected":false},"featured_media":118381,"comment_status":"closed","ping_status":"closed","template":"","meta":{"neve_meta_sidebar":"","neve_meta_container":"","neve_meta_enable_content_width":"","neve_meta_content_width":0,"neve_meta_title_alignment":"","neve_meta_author_avatar":"","neve_post_elements_order":"","neve_meta_disable_header":"","neve_meta_disable_footer":"","neve_meta_disable_title":""},"product_brand":[],"product_cat":[1752],"product_tag":[791],"class_list":{"0":"post-80623","1":"product","2":"type-product","3":"status-publish","4":"has-post-thumbnail","6":"product_cat-recargas-e-acessorios","7":"product_tag-recarga","9":"first","10":"instock","11":"taxable","12":"shipping-taxable","13":"purchasable","14":"product-type-simple"},"_links":{"self":[{"href":"https:\/\/ifoffice.pt\/index.php?rest_route=\/wp\/v2\/product\/80623","targetHints":{"allow":["GET"]}}],"collection":[{"href":"https:\/\/ifoffice.pt\/index.php?rest_route=\/wp\/v2\/product"}],"about":[{"href":"https:\/\/ifoffice.pt\/index.php?rest_route=\/wp\/v2\/types\/product"}],"replies":[{"embeddable":true,"href":"https:\/\/ifoffice.pt\/index.php?rest_route=%2Fwp%2Fv2%2Fcomments&post=80623"}],"wp:featuredmedia":[{"embeddable":true,"href":"https:\/\/ifoffice.pt\/index.php?rest_route=\/wp\/v2\/media\/118381"}],"wp:attachment":[{"href":"https:\/\/ifoffice.pt\/index.php?rest_route=%2Fwp%2Fv2%2Fmedia&parent=80623"}],"wp:term":[{"taxonomy":"product_brand","embeddable":true,"href":"https:\/\/ifoffice.pt\/index.php?rest_route=%2Fwp%2Fv2%2Fproduct_brand&post=80623"},{"taxonomy":"product_cat","embeddable":true,"href":"https:\/\/ifoffice.pt\/index.php?rest_route=%2Fwp%2Fv2%2Fproduct_cat&post=80623"},{"taxonomy":"product_tag","embeddable":true,"href":"https:\/\/ifoffice.pt\/index.php?rest_route=%2Fwp%2Fv2%2Fproduct_tag&post=80623"}],"curies":[{"name":"wp","href":"https:\/\/api.w.org\/{rel}","templated":true}]}}