{"id":80561,"date":"2021-01-22T20:15:29","date_gmt":"2021-01-22T20:15:29","guid":{"rendered":"https:\/\/ifoffice.pt\/produto\/import-placeholder-for-90699\/"},"modified":"2026-02-23T13:10:43","modified_gmt":"2026-02-23T13:10:43","slug":"caderno-de-musica-din-a4-agraf-60-gr-20-folhas","status":"publish","type":"product","link":"https:\/\/ifoffice.pt\/?product=caderno-de-musica-din-a4-agraf-60-gr-20-folhas","title":{"rendered":"Caderno de musica din a4 agraf 60 gr 20 folhas"},"content":{"rendered":"<p>Caderno de m\u00fasica agrafado com impress\u00e3o pentagrama. Formatos Din A4 e Din A5. Cont\u00e9m 20 p\u00e1ginas. O\u00a0caderno.<\/p>\n","protected":false},"excerpt":{"rendered":"<p>Caderno de musica din a4 agraf 60 gr 20 folhas<\/p>\n","protected":false},"featured_media":132040,"comment_status":"closed","ping_status":"closed","template":"","meta":{"neve_meta_sidebar":"","neve_meta_container":"","neve_meta_enable_content_width":"off","neve_meta_content_width":0,"neve_meta_title_alignment":"","neve_meta_author_avatar":"","neve_post_elements_order":"","neve_meta_disable_header":"","neve_meta_disable_footer":"","neve_meta_disable_title":""},"product_brand":[],"product_cat":[2004],"product_tag":[2005],"class_list":{"0":"post-80561","1":"product","2":"type-product","3":"status-publish","4":"has-post-thumbnail","6":"product_cat-blocos-de-maosica","7":"product_tag-bloco-de-musica","9":"first","10":"instock","11":"taxable","12":"shipping-taxable","13":"purchasable","14":"product-type-simple"},"_links":{"self":[{"href":"https:\/\/ifoffice.pt\/index.php?rest_route=\/wp\/v2\/product\/80561","targetHints":{"allow":["GET"]}}],"collection":[{"href":"https:\/\/ifoffice.pt\/index.php?rest_route=\/wp\/v2\/product"}],"about":[{"href":"https:\/\/ifoffice.pt\/index.php?rest_route=\/wp\/v2\/types\/product"}],"replies":[{"embeddable":true,"href":"https:\/\/ifoffice.pt\/index.php?rest_route=%2Fwp%2Fv2%2Fcomments&post=80561"}],"wp:featuredmedia":[{"embeddable":true,"href":"https:\/\/ifoffice.pt\/index.php?rest_route=\/wp\/v2\/media\/132040"}],"wp:attachment":[{"href":"https:\/\/ifoffice.pt\/index.php?rest_route=%2Fwp%2Fv2%2Fmedia&parent=80561"}],"wp:term":[{"taxonomy":"product_brand","embeddable":true,"href":"https:\/\/ifoffice.pt\/index.php?rest_route=%2Fwp%2Fv2%2Fproduct_brand&post=80561"},{"taxonomy":"product_cat","embeddable":true,"href":"https:\/\/ifoffice.pt\/index.php?rest_route=%2Fwp%2Fv2%2Fproduct_cat&post=80561"},{"taxonomy":"product_tag","embeddable":true,"href":"https:\/\/ifoffice.pt\/index.php?rest_route=%2Fwp%2Fv2%2Fproduct_tag&post=80561"}],"curies":[{"name":"wp","href":"https:\/\/api.w.org\/{rel}","templated":true}]}}