{"id":80392,"date":"2021-01-22T19:34:13","date_gmt":"2021-01-22T19:34:13","guid":{"rendered":"https:\/\/ifoffice.pt\/produto\/import-placeholder-for-91025\/"},"modified":"2026-02-23T13:10:33","modified_gmt":"2026-02-23T13:10:33","slug":"lapiseira-rotring-tikky-05-mm-preta","status":"publish","type":"product","link":"https:\/\/ifoffice.pt\/?product=lapiseira-rotring-tikky-05-mm-preta","title":{"rendered":"Lapiseira rotring tikky 0,5 mm preta"},"content":{"rendered":"<p>Lapiseira com prote\u00e7\u00e3o em borracha. Mecanismo de lat\u00e3o para que a mina deslize com precis\u00e3o. Corpo triangular para maior precis\u00e3o. Modelos dispon\u00edveis segundo a norma de codifica\u00e7\u00e3o e cor ISO 3098. Borracha incorporada por baixo do bot\u00e3o na tampa.<\/p>\n","protected":false},"excerpt":{"rendered":"<p>Lapiseira rotring tikky 0,5 mm preta<\/p>\n","protected":false},"featured_media":118300,"comment_status":"closed","ping_status":"closed","template":"","meta":{"neve_meta_sidebar":"","neve_meta_container":"","neve_meta_enable_content_width":"","neve_meta_content_width":0,"neve_meta_title_alignment":"","neve_meta_author_avatar":"","neve_post_elements_order":"","neve_meta_disable_header":"","neve_meta_disable_footer":"","neve_meta_disable_title":""},"product_brand":[],"product_cat":[1768],"product_tag":[1537],"class_list":{"0":"post-80392","1":"product","2":"type-product","3":"status-publish","4":"has-post-thumbnail","6":"product_cat-lapiseiras","7":"product_tag-economico","9":"first","10":"instock","11":"taxable","12":"shipping-taxable","13":"purchasable","14":"product-type-simple"},"_links":{"self":[{"href":"https:\/\/ifoffice.pt\/index.php?rest_route=\/wp\/v2\/product\/80392","targetHints":{"allow":["GET"]}}],"collection":[{"href":"https:\/\/ifoffice.pt\/index.php?rest_route=\/wp\/v2\/product"}],"about":[{"href":"https:\/\/ifoffice.pt\/index.php?rest_route=\/wp\/v2\/types\/product"}],"replies":[{"embeddable":true,"href":"https:\/\/ifoffice.pt\/index.php?rest_route=%2Fwp%2Fv2%2Fcomments&post=80392"}],"wp:featuredmedia":[{"embeddable":true,"href":"https:\/\/ifoffice.pt\/index.php?rest_route=\/wp\/v2\/media\/118300"}],"wp:attachment":[{"href":"https:\/\/ifoffice.pt\/index.php?rest_route=%2Fwp%2Fv2%2Fmedia&parent=80392"}],"wp:term":[{"taxonomy":"product_brand","embeddable":true,"href":"https:\/\/ifoffice.pt\/index.php?rest_route=%2Fwp%2Fv2%2Fproduct_brand&post=80392"},{"taxonomy":"product_cat","embeddable":true,"href":"https:\/\/ifoffice.pt\/index.php?rest_route=%2Fwp%2Fv2%2Fproduct_cat&post=80392"},{"taxonomy":"product_tag","embeddable":true,"href":"https:\/\/ifoffice.pt\/index.php?rest_route=%2Fwp%2Fv2%2Fproduct_tag&post=80392"}],"curies":[{"name":"wp","href":"https:\/\/api.w.org\/{rel}","templated":true}]}}