{"id":80382,"date":"2021-01-22T19:34:12","date_gmt":"2021-01-22T19:34:12","guid":{"rendered":"https:\/\/ifoffice.pt\/produto\/import-placeholder-for-91035\/"},"modified":"2026-04-01T15:20:13","modified_gmt":"2026-04-01T15:20:13","slug":"minas-rotring-grafite-035-mm-hb-estojo-de-12-minas","status":"publish","type":"product","link":"https:\/\/ifoffice.pt\/?product=minas-rotring-grafite-035-mm-hb-estojo-de-12-minas","title":{"rendered":"Minas rotring grafite 0,35 mm hb estojo de 12 minas"},"content":{"rendered":"<p>Minas de elevada qualidade com f\u00f3rmula extra forte, especialmente resistente \u00e0 quebra. Dispon\u00edveis numa vasta gama de durezas que se adaptam a todo o tipo de desenhos, escrita e esbo\u00e7os. Estojos de 12 minas.<\/p>\n","protected":false},"excerpt":{"rendered":"<p>PACK DE 10 UNIDADES<\/p>\n","protected":false},"featured_media":118290,"comment_status":"closed","ping_status":"closed","template":"","meta":{"neve_meta_sidebar":"","neve_meta_container":"","neve_meta_enable_content_width":"off","neve_meta_content_width":0,"neve_meta_title_alignment":"","neve_meta_author_avatar":"","neve_post_elements_order":"","neve_meta_disable_header":"","neve_meta_disable_footer":"","neve_meta_disable_title":""},"product_brand":[],"product_cat":[1766],"product_tag":[823],"class_list":{"0":"post-80382","1":"product","2":"type-product","3":"status-publish","4":"has-post-thumbnail","6":"product_cat-minas","7":"product_tag-grafite","9":"first","10":"instock","11":"taxable","12":"shipping-taxable","13":"purchasable","14":"product-type-simple"},"_links":{"self":[{"href":"https:\/\/ifoffice.pt\/index.php?rest_route=\/wp\/v2\/product\/80382","targetHints":{"allow":["GET"]}}],"collection":[{"href":"https:\/\/ifoffice.pt\/index.php?rest_route=\/wp\/v2\/product"}],"about":[{"href":"https:\/\/ifoffice.pt\/index.php?rest_route=\/wp\/v2\/types\/product"}],"replies":[{"embeddable":true,"href":"https:\/\/ifoffice.pt\/index.php?rest_route=%2Fwp%2Fv2%2Fcomments&post=80382"}],"wp:featuredmedia":[{"embeddable":true,"href":"https:\/\/ifoffice.pt\/index.php?rest_route=\/wp\/v2\/media\/118290"}],"wp:attachment":[{"href":"https:\/\/ifoffice.pt\/index.php?rest_route=%2Fwp%2Fv2%2Fmedia&parent=80382"}],"wp:term":[{"taxonomy":"product_brand","embeddable":true,"href":"https:\/\/ifoffice.pt\/index.php?rest_route=%2Fwp%2Fv2%2Fproduct_brand&post=80382"},{"taxonomy":"product_cat","embeddable":true,"href":"https:\/\/ifoffice.pt\/index.php?rest_route=%2Fwp%2Fv2%2Fproduct_cat&post=80382"},{"taxonomy":"product_tag","embeddable":true,"href":"https:\/\/ifoffice.pt\/index.php?rest_route=%2Fwp%2Fv2%2Fproduct_tag&post=80382"}],"curies":[{"name":"wp","href":"https:\/\/api.w.org\/{rel}","templated":true}]}}