{"id":80380,"date":"2021-01-22T19:34:12","date_gmt":"2021-01-22T19:34:12","guid":{"rendered":"https:\/\/ifoffice.pt\/produto\/import-placeholder-for-91038\/"},"modified":"2026-02-23T14:52:54","modified_gmt":"2026-02-23T14:52:54","slug":"borracha-rotring-tikky-20-unidade","status":"publish","type":"product","link":"https:\/\/ifoffice.pt\/?product=borracha-rotring-tikky-20-unidade","title":{"rendered":"Borracha rotring branca tikky 20 unidade"},"content":{"rendered":"<p>A superf\u00edcie da borracha mantem-se limpa, sem  manchas nem marcas. A tinta mantem-se igual.  N\u00e3o cont\u00e9m produtos abrasivos.<\/p>\n","protected":false},"excerpt":{"rendered":"<p>PACK DE 20 UNIDADES<\/p>\n","protected":false},"featured_media":118288,"comment_status":"closed","ping_status":"closed","template":"","meta":{"neve_meta_sidebar":"","neve_meta_container":"","neve_meta_enable_content_width":"off","neve_meta_content_width":0,"neve_meta_title_alignment":"","neve_meta_author_avatar":"","neve_post_elements_order":"","neve_meta_disable_header":"","neve_meta_disable_footer":"","neve_meta_disable_title":""},"product_brand":[],"product_cat":[1789],"product_tag":[878],"class_list":{"0":"post-80380","1":"product","2":"type-product","3":"status-publish","4":"has-post-thumbnail","6":"product_cat-borrachas","7":"product_tag-borracha","9":"first","10":"instock","11":"taxable","12":"shipping-taxable","13":"purchasable","14":"product-type-simple"},"_links":{"self":[{"href":"https:\/\/ifoffice.pt\/index.php?rest_route=\/wp\/v2\/product\/80380","targetHints":{"allow":["GET"]}}],"collection":[{"href":"https:\/\/ifoffice.pt\/index.php?rest_route=\/wp\/v2\/product"}],"about":[{"href":"https:\/\/ifoffice.pt\/index.php?rest_route=\/wp\/v2\/types\/product"}],"replies":[{"embeddable":true,"href":"https:\/\/ifoffice.pt\/index.php?rest_route=%2Fwp%2Fv2%2Fcomments&post=80380"}],"wp:featuredmedia":[{"embeddable":true,"href":"https:\/\/ifoffice.pt\/index.php?rest_route=\/wp\/v2\/media\/118288"}],"wp:attachment":[{"href":"https:\/\/ifoffice.pt\/index.php?rest_route=%2Fwp%2Fv2%2Fmedia&parent=80380"}],"wp:term":[{"taxonomy":"product_brand","embeddable":true,"href":"https:\/\/ifoffice.pt\/index.php?rest_route=%2Fwp%2Fv2%2Fproduct_brand&post=80380"},{"taxonomy":"product_cat","embeddable":true,"href":"https:\/\/ifoffice.pt\/index.php?rest_route=%2Fwp%2Fv2%2Fproduct_cat&post=80380"},{"taxonomy":"product_tag","embeddable":true,"href":"https:\/\/ifoffice.pt\/index.php?rest_route=%2Fwp%2Fv2%2Fproduct_tag&post=80380"}],"curies":[{"name":"wp","href":"https:\/\/api.w.org\/{rel}","templated":true}]}}