{"id":80340,"date":"2021-01-22T19:33:54","date_gmt":"2021-01-22T19:33:54","guid":{"rendered":"https:\/\/ifoffice.pt\/produto\/import-placeholder-for-92382\/"},"modified":"2025-02-06T09:40:38","modified_gmt":"2025-02-06T09:40:38","slug":"esferografica-bic-cristal-verde-unidade","status":"publish","type":"product","link":"https:\/\/ifoffice.pt\/?product=esferografica-bic-cristal-verde-unidade","title":{"rendered":"Esferografica bic cristal verde"},"content":{"rendered":"<p>A BIC Cristal Original \u00e9 uma caneta de tinta verde que se destaca pela sua fiabilidade e durabilidade. O seu design transparente e a tinta de alta qualidade fazem dele a escolha ideal para uma grande variedade de utiliza\u00e7\u00f5es di\u00e1rias.<\/p>\n<ul>\n<li><strong>Tinta de alta qualidade:<\/strong>\u00a0A tinta \u00e0 base de \u00f3leo seca rapidamente e n\u00e3o sangra, proporcionando uma escrita suave e consistente.<\/li>\n<li><strong>Design Transparente:<\/strong>\u00a0Permite ver o n\u00edvel de tinta restante, sendo f\u00e1cil saber quando est\u00e1 a acabar.<\/li>\n<li><strong>Ponta M\u00e9dia:<\/strong>\u00a0Ponta de 1,0 mm que permite um tra\u00e7o de 0,4 mm, ideal para uma escrita clara e definida.<\/li>\n<li><strong>Durabilidade:<\/strong>\u00a0pode escrever at\u00e9 3 quil\u00f3metros antes que a tinta se esgote.<\/li>\n<li><strong>Design ergon\u00f3mico:<\/strong>\u00a0O corpo hexagonal proporciona uma ader\u00eancia confort\u00e1vel e reduz a fadiga das m\u00e3os.<\/li>\n<li><strong>Responsabilidade Ambiental:<\/strong>\u00a0NF com certifica\u00e7\u00e3o ecol\u00f3gica e fabricado com pr\u00e1ticas sustent\u00e1veis. \u00c9 recicl\u00e1vel.<\/li>\n<\/ul>\n<p>A caneta esferogr\u00e1fica BIC Cristal Original com tinta verde \u00e9 uma ferramenta de escrita fi\u00e1vel e vers\u00e1til que se adapta tanto \u00e0s tarefas di\u00e1rias como a atividades espec\u00edficas, como a corre\u00e7\u00e3o de documentos e o sublinhado de texto. O seu design ergon\u00f3mico e durabilidade fazem dele uma excelente op\u00e7\u00e3o para qualquer utilizador.<\/p>\n","protected":false},"excerpt":{"rendered":"<p>A BIC Cristal Original \u00e9 uma caneta de tinta verde que se destaca pela sua fiabilidade e durabilidade. O seu design transparente e a tinta de alta qualidade fazem dele a escolha ideal para uma grande variedade de utiliza\u00e7\u00f5es di\u00e1rias. Tinta de alta qualidade:\u00a0A tinta \u00e0 base de \u00f3leo seca rapidamente e n\u00e3o sangra, proporcionando uma escrita suave e consistente. Design Transparente:\u00a0Permite ver o n\u00edvel de tinta restante, sendo f\u00e1cil saber quando est\u00e1 a acabar. Ponta M\u00e9dia:\u00a0Ponta de 1,0 mm que permite um tra\u00e7o de 0,4 mm, ideal para uma escrita clara e definida. Durabilidade:\u00a0pode escrever at\u00e9 3 quil\u00f3metros antes que a tinta se esgote. Design ergon\u00f3mico:\u00a0O corpo hexagonal proporciona uma ader\u00eancia confort\u00e1vel e reduz a fadiga das m\u00e3os. Responsabilidade Ambiental:\u00a0NF com certifica\u00e7\u00e3o ecol\u00f3gica e fabricado com pr\u00e1ticas sustent\u00e1veis. \u00c9 recicl\u00e1vel. A caneta esferogr\u00e1fica BIC Cristal Original com tinta verde \u00e9 uma ferramenta de escrita fi\u00e1vel e vers\u00e1til que se adapta tanto \u00e0s tarefas di\u00e1rias como a atividades espec\u00edficas, como a corre\u00e7\u00e3o de documentos e o sublinhado de texto. O seu design ergon\u00f3mico e durabilidade fazem dele uma excelente op\u00e7\u00e3o para qualquer utilizador.<\/p>\n","protected":false},"featured_media":118280,"comment_status":"closed","ping_status":"closed","template":"","meta":{"neve_meta_sidebar":"","neve_meta_container":"","neve_meta_enable_content_width":"off","neve_meta_content_width":70,"neve_meta_title_alignment":"","neve_meta_author_avatar":"","neve_post_elements_order":"","neve_meta_disable_header":"","neve_meta_disable_footer":"","neve_meta_disable_title":""},"product_brand":[],"product_cat":[1761],"product_tag":[1015,924],"class_list":{"0":"post-80340","1":"product","2":"type-product","3":"status-publish","4":"has-post-thumbnail","6":"product_cat-esferograficas","7":"product_tag-4-mm","8":"product_tag-com-tampa","10":"first","11":"instock","12":"taxable","13":"shipping-taxable","14":"purchasable","15":"product-type-variable","16":"has-default-attributes"},"_links":{"self":[{"href":"https:\/\/ifoffice.pt\/index.php?rest_route=\/wp\/v2\/product\/80340","targetHints":{"allow":["GET"]}}],"collection":[{"href":"https:\/\/ifoffice.pt\/index.php?rest_route=\/wp\/v2\/product"}],"about":[{"href":"https:\/\/ifoffice.pt\/index.php?rest_route=\/wp\/v2\/types\/product"}],"replies":[{"embeddable":true,"href":"https:\/\/ifoffice.pt\/index.php?rest_route=%2Fwp%2Fv2%2Fcomments&post=80340"}],"wp:featuredmedia":[{"embeddable":true,"href":"https:\/\/ifoffice.pt\/index.php?rest_route=\/wp\/v2\/media\/118280"}],"wp:attachment":[{"href":"https:\/\/ifoffice.pt\/index.php?rest_route=%2Fwp%2Fv2%2Fmedia&parent=80340"}],"wp:term":[{"taxonomy":"product_brand","embeddable":true,"href":"https:\/\/ifoffice.pt\/index.php?rest_route=%2Fwp%2Fv2%2Fproduct_brand&post=80340"},{"taxonomy":"product_cat","embeddable":true,"href":"https:\/\/ifoffice.pt\/index.php?rest_route=%2Fwp%2Fv2%2Fproduct_cat&post=80340"},{"taxonomy":"product_tag","embeddable":true,"href":"https:\/\/ifoffice.pt\/index.php?rest_route=%2Fwp%2Fv2%2Fproduct_tag&post=80340"}],"curies":[{"name":"wp","href":"https:\/\/api.w.org\/{rel}","templated":true}]}}